{"id":16054,"date":"2025-07-15T16:03:26","date_gmt":"2025-07-15T14:03:26","guid":{"rendered":"https:\/\/uj.adatbank.ro\/lexikon\/termek\/nagy-andras-2\/"},"modified":"2025-07-15T16:03:26","modified_gmt":"2025-07-15T14:03:26","slug":"nagy-andras-2","status":"publish","type":"product","link":"https:\/\/uj.adatbank.ro\/lexikon\/termek\/nagy-andras-2\/","title":{"rendered":"NAGY Andr\u00e1s"},"content":{"rendered":"<p>? \u2020 ?: ref. lelk\u00e9sz. \u2013 Mv.-en subscrib\u00e1lt (1733) v. Kv.-on (1750 k.). A d\u00e9vai zsinaton ordin\u00e1lt\u00e1k (1755).Tek\u00e9ben szolg\u00e1lt (1755\u201362) \u00e9s Szenth\u00e1roms\u00e1gon (1772). <br \/><strong>Irod.:<\/strong> Imreh Barna; \u0150sz<\/br><\/p>\n","protected":false},"excerpt":{"rendered":"<p>? \u2020 ?: ref. lelk\u00e9sz. \u2013 Mv.-en subscrib\u00e1lt (1733) v. Kv.-on (1750 k.). A d\u00e9vai zsinaton ordin\u00e1lt\u00e1k (1755).Tek\u00e9ben szolg\u00e1lt (1755\u201362) \u00e9s Szenth\u00e1roms\u00e1gon (1772). Irod.: Imreh Barna; \u0150sz<\/p>\n","protected":false},"featured_media":0,"comment_status":"open","ping_status":"closed","template":"","meta":[],"product_brand":[],"product_cat":[137],"product_tag":[],"class_list":{"0":"post-16054","1":"product","2":"type-product","3":"status-publish","5":"product_cat-maros-megyei-eletrajzi-lexikon","7":"first","8":"instock","9":"shipping-taxable","10":"product-type-simple"},"_links":{"self":[{"href":"https:\/\/uj.adatbank.ro\/lexikon\/wp-json\/wp\/v2\/product\/16054","targetHints":{"allow":["GET"]}}],"collection":[{"href":"https:\/\/uj.adatbank.ro\/lexikon\/wp-json\/wp\/v2\/product"}],"about":[{"href":"https:\/\/uj.adatbank.ro\/lexikon\/wp-json\/wp\/v2\/types\/product"}],"replies":[{"embeddable":true,"href":"https:\/\/uj.adatbank.ro\/lexikon\/wp-json\/wp\/v2\/comments?post=16054"}],"wp:attachment":[{"href":"https:\/\/uj.adatbank.ro\/lexikon\/wp-json\/wp\/v2\/media?parent=16054"}],"wp:term":[{"taxonomy":"product_brand","embeddable":true,"href":"https:\/\/uj.adatbank.ro\/lexikon\/wp-json\/wp\/v2\/product_brand?post=16054"},{"taxonomy":"product_cat","embeddable":true,"href":"https:\/\/uj.adatbank.ro\/lexikon\/wp-json\/wp\/v2\/product_cat?post=16054"},{"taxonomy":"product_tag","embeddable":true,"href":"https:\/\/uj.adatbank.ro\/lexikon\/wp-json\/wp\/v2\/product_tag?post=16054"}],"curies":[{"name":"wp","href":"https:\/\/api.w.org\/{rel}","templated":true}]}}