{"id":16055,"date":"2025-07-15T16:03:27","date_gmt":"2025-07-15T14:03:27","guid":{"rendered":"https:\/\/uj.adatbank.ro\/lexikon\/termek\/nagy-andras-3\/"},"modified":"2025-07-15T16:03:27","modified_gmt":"2025-07-15T14:03:27","slug":"nagy-andras-3","status":"publish","type":"product","link":"https:\/\/uj.adatbank.ro\/lexikon\/termek\/nagy-andras-3\/","title":{"rendered":"NAGY Andr\u00e1s"},"content":{"rendered":"<p>? \u2020 ?: k\u00f6nyvk\u00f6t\u0151. \u2013 A mv.-i Ref. Koll. k\u00f6nyvt\u00e1r\u00e1nak k\u00f6t\u00f6tt k\u00f6nyveket (1792\u20131800). <br \/><strong>Irod.:<\/strong> Farcz\u00e1dy Elek: A marosv\u00e1s\u00e1rhjelyi Bolyai tudom\u00e1nyos k\u00f6nyvt\u00e1r = Eml\u00e9kk. K.L. 80.<\/br><\/p>\n","protected":false},"excerpt":{"rendered":"<p>? \u2020 ?: k\u00f6nyvk\u00f6t\u0151. \u2013 A mv.-i Ref. Koll. k\u00f6nyvt\u00e1r\u00e1nak k\u00f6t\u00f6tt k\u00f6nyveket (1792\u20131800). Irod.: Farcz\u00e1dy Elek: A marosv\u00e1s\u00e1rhjelyi Bolyai tudom\u00e1nyos k\u00f6nyvt\u00e1r = Eml\u00e9kk. K.L. 80.<\/p>\n","protected":false},"featured_media":0,"comment_status":"open","ping_status":"closed","template":"","meta":[],"product_brand":[],"product_cat":[137],"product_tag":[],"class_list":{"0":"post-16055","1":"product","2":"type-product","3":"status-publish","5":"product_cat-maros-megyei-eletrajzi-lexikon","7":"first","8":"instock","9":"shipping-taxable","10":"product-type-simple"},"_links":{"self":[{"href":"https:\/\/uj.adatbank.ro\/lexikon\/wp-json\/wp\/v2\/product\/16055","targetHints":{"allow":["GET"]}}],"collection":[{"href":"https:\/\/uj.adatbank.ro\/lexikon\/wp-json\/wp\/v2\/product"}],"about":[{"href":"https:\/\/uj.adatbank.ro\/lexikon\/wp-json\/wp\/v2\/types\/product"}],"replies":[{"embeddable":true,"href":"https:\/\/uj.adatbank.ro\/lexikon\/wp-json\/wp\/v2\/comments?post=16055"}],"wp:attachment":[{"href":"https:\/\/uj.adatbank.ro\/lexikon\/wp-json\/wp\/v2\/media?parent=16055"}],"wp:term":[{"taxonomy":"product_brand","embeddable":true,"href":"https:\/\/uj.adatbank.ro\/lexikon\/wp-json\/wp\/v2\/product_brand?post=16055"},{"taxonomy":"product_cat","embeddable":true,"href":"https:\/\/uj.adatbank.ro\/lexikon\/wp-json\/wp\/v2\/product_cat?post=16055"},{"taxonomy":"product_tag","embeddable":true,"href":"https:\/\/uj.adatbank.ro\/lexikon\/wp-json\/wp\/v2\/product_tag?post=16055"}],"curies":[{"name":"wp","href":"https:\/\/api.w.org\/{rel}","templated":true}]}}