{"id":16059,"date":"2025-07-15T16:03:34","date_gmt":"2025-07-15T14:03:34","guid":{"rendered":"https:\/\/uj.adatbank.ro\/lexikon\/termek\/nagy-andras-7\/"},"modified":"2025-07-15T16:03:34","modified_gmt":"2025-07-15T14:03:34","slug":"nagy-andras-7","status":"publish","type":"product","link":"https:\/\/uj.adatbank.ro\/lexikon\/termek\/nagy-andras-7\/","title":{"rendered":"NAGY Andr\u00e1s"},"content":{"rendered":"<p>? \u2020 ?: orvos, fert\u0151z\u0151. \u2013 A mv.-i M\u00f3ricz Zsigmond Koll\u00e9gium di\u00e1kigazgat\u00f3ja volt (1946\u2013). Nyugd\u00edjaz\u00e1sa ut\u00e1n Debrecenben \u00e9lt. <br \/><strong>Irod.:<\/strong> Genersich; <br \/><strong>Irod.:<\/strong> Mv. t\u00f6rt.2<\/br><\/p>\n","protected":false},"excerpt":{"rendered":"<p>? \u2020 ?: orvos, fert\u0151z\u0151. \u2013 A mv.-i M\u00f3ricz Zsigmond Koll\u00e9gium di\u00e1kigazgat\u00f3ja volt (1946\u2013). Nyugd\u00edjaz\u00e1sa ut\u00e1n Debrecenben \u00e9lt. Irod.: Genersich; Irod.: Mv. t\u00f6rt.2<\/p>\n","protected":false},"featured_media":0,"comment_status":"open","ping_status":"closed","template":"","meta":[],"product_brand":[],"product_cat":[137],"product_tag":[],"class_list":{"0":"post-16059","1":"product","2":"type-product","3":"status-publish","5":"product_cat-maros-megyei-eletrajzi-lexikon","7":"first","8":"instock","9":"shipping-taxable","10":"product-type-simple"},"_links":{"self":[{"href":"https:\/\/uj.adatbank.ro\/lexikon\/wp-json\/wp\/v2\/product\/16059","targetHints":{"allow":["GET"]}}],"collection":[{"href":"https:\/\/uj.adatbank.ro\/lexikon\/wp-json\/wp\/v2\/product"}],"about":[{"href":"https:\/\/uj.adatbank.ro\/lexikon\/wp-json\/wp\/v2\/types\/product"}],"replies":[{"embeddable":true,"href":"https:\/\/uj.adatbank.ro\/lexikon\/wp-json\/wp\/v2\/comments?post=16059"}],"wp:attachment":[{"href":"https:\/\/uj.adatbank.ro\/lexikon\/wp-json\/wp\/v2\/media?parent=16059"}],"wp:term":[{"taxonomy":"product_brand","embeddable":true,"href":"https:\/\/uj.adatbank.ro\/lexikon\/wp-json\/wp\/v2\/product_brand?post=16059"},{"taxonomy":"product_cat","embeddable":true,"href":"https:\/\/uj.adatbank.ro\/lexikon\/wp-json\/wp\/v2\/product_cat?post=16059"},{"taxonomy":"product_tag","embeddable":true,"href":"https:\/\/uj.adatbank.ro\/lexikon\/wp-json\/wp\/v2\/product_tag?post=16059"}],"curies":[{"name":"wp","href":"https:\/\/api.w.org\/{rel}","templated":true}]}}