{"id":1606,"date":"2025-06-28T11:47:23","date_gmt":"2025-06-28T09:47:23","guid":{"rendered":"https:\/\/uj.adatbank.ro\/lexikon\/termek\/adorjan-imre-izso-%c2%a7-adorjan-i-imre\/"},"modified":"2025-06-28T11:47:23","modified_gmt":"2025-06-28T09:47:23","slug":"adorjan-imre-izso-%c2%a7-adorjan-i-imre","status":"publish","type":"product","link":"https:\/\/uj.adatbank.ro\/lexikon\/termek\/adorjan-imre-izso-%c2%a7-adorjan-i-imre\/","title":{"rendered":"ADORJ\u00c1N Imre Izs\u00f3, \u00a7 Adorj\u00e1n I. Imre"},"content":{"rendered":"<p>Sz\u00e9kelyszentistv\u00e1n, 1896., \u2020\u00a0?\u00a0: mag\u00e1ntisztvisel\u0151. \u2013 Feles\u00e9g\u00e9vel egy\u00fctt deport\u00e1lt\u00e1k Mv.-r\u0151l (1944. m\u00e1j. 29.). \u2013 Mv.-en dolgozott. R\u00e9szt vett az els\u0151 vh.-ban (1915\u201318), \u00f6nk\u00e9nt vonult be a 62. k\u00f6z\u00f6s gy. ezredbe, a rom\u00e1n harct\u00e9ren harcolt, hadapr\u00f3d\u0151rmesteri rangban szerelt le. <br \/><strong>Irod.:<\/strong> Erd\u00e9lyi ezredek; M. hadviselt zsid\u00f3k; Mv. zsid\u00f3s\u00e1ga<\/br><\/p>\n","protected":false},"excerpt":{"rendered":"<p>Sz\u00e9kelyszentistv\u00e1n, 1896., \u2020\u00a0?\u00a0: mag\u00e1ntisztvisel\u0151. \u2013 Feles\u00e9g\u00e9vel egy\u00fctt deport\u00e1lt\u00e1k Mv.-r\u0151l (1944. m\u00e1j. 29.). \u2013 Mv.-en dolgozott. R\u00e9szt vett az els\u0151 vh.-ban (1915\u201318), \u00f6nk\u00e9nt vonult be a 62. k\u00f6z\u00f6s gy. ezredbe, a rom\u00e1n harct\u00e9ren harcolt, hadapr\u00f3d\u0151rmesteri rangban szerelt le. Irod.: Erd\u00e9lyi ezredek; M. hadviselt zsid\u00f3k; Mv. zsid\u00f3s\u00e1ga<\/p>\n","protected":false},"featured_media":0,"comment_status":"open","ping_status":"closed","template":"","meta":[],"product_brand":[],"product_cat":[137],"product_tag":[],"class_list":{"0":"post-1606","1":"product","2":"type-product","3":"status-publish","5":"product_cat-maros-megyei-eletrajzi-lexikon","7":"first","8":"instock","9":"shipping-taxable","10":"product-type-simple"},"_links":{"self":[{"href":"https:\/\/uj.adatbank.ro\/lexikon\/wp-json\/wp\/v2\/product\/1606","targetHints":{"allow":["GET"]}}],"collection":[{"href":"https:\/\/uj.adatbank.ro\/lexikon\/wp-json\/wp\/v2\/product"}],"about":[{"href":"https:\/\/uj.adatbank.ro\/lexikon\/wp-json\/wp\/v2\/types\/product"}],"replies":[{"embeddable":true,"href":"https:\/\/uj.adatbank.ro\/lexikon\/wp-json\/wp\/v2\/comments?post=1606"}],"wp:attachment":[{"href":"https:\/\/uj.adatbank.ro\/lexikon\/wp-json\/wp\/v2\/media?parent=1606"}],"wp:term":[{"taxonomy":"product_brand","embeddable":true,"href":"https:\/\/uj.adatbank.ro\/lexikon\/wp-json\/wp\/v2\/product_brand?post=1606"},{"taxonomy":"product_cat","embeddable":true,"href":"https:\/\/uj.adatbank.ro\/lexikon\/wp-json\/wp\/v2\/product_cat?post=1606"},{"taxonomy":"product_tag","embeddable":true,"href":"https:\/\/uj.adatbank.ro\/lexikon\/wp-json\/wp\/v2\/product_tag?post=1606"}],"curies":[{"name":"wp","href":"https:\/\/api.w.org\/{rel}","templated":true}]}}