{"id":16060,"date":"2025-07-15T16:03:35","date_gmt":"2025-07-15T14:03:35","guid":{"rendered":"https:\/\/uj.adatbank.ro\/lexikon\/termek\/nagy-andras-8\/"},"modified":"2025-07-15T16:03:35","modified_gmt":"2025-07-15T14:03:35","slug":"nagy-andras-8","status":"publish","type":"product","link":"https:\/\/uj.adatbank.ro\/lexikon\/termek\/nagy-andras-8\/","title":{"rendered":"NAGY Andr\u00e1s"},"content":{"rendered":"<p>1904, \u2020 Mv., 1984. j\u00fal. 24.: munk\u00e1smozgalmi harcos. \u2013 A RKP tagja (1939\u2013), az illeg\u00e1ll\u00edt\u00e1sban r\u00e9szt vett a p\u00e1rt akci\u00f3iban, tagja volt a V\u00f6r\u00f6s Seg\u00e9ly Bizotts\u00e1gnak, buk.-i lak\u00e1s\u00e1t a p\u00e1rt rendelkez\u00e9s\u00e9re bocs\u00e1totta, terjesztrette a p\u00e1rt kiadv\u00e1nyait. <br \/><strong>Irod.:<\/strong> N. A.[Nekrol\u00f3g] (V. Z., 1984. j\u00fal. 27.)<\/br><\/p>\n","protected":false},"excerpt":{"rendered":"<p>1904, \u2020 Mv., 1984. j\u00fal. 24.: munk\u00e1smozgalmi harcos. \u2013 A RKP tagja (1939\u2013), az illeg\u00e1ll\u00edt\u00e1sban r\u00e9szt vett a p\u00e1rt akci\u00f3iban, tagja volt a V\u00f6r\u00f6s Seg\u00e9ly Bizotts\u00e1gnak, buk.-i lak\u00e1s\u00e1t a p\u00e1rt rendelkez\u00e9s\u00e9re bocs\u00e1totta, terjesztrette a p\u00e1rt kiadv\u00e1nyait. Irod.: N. A.[Nekrol\u00f3g] (V. Z., 1984. j\u00fal. 27.)<\/p>\n","protected":false},"featured_media":0,"comment_status":"open","ping_status":"closed","template":"","meta":[],"product_brand":[],"product_cat":[137],"product_tag":[],"class_list":{"0":"post-16060","1":"product","2":"type-product","3":"status-publish","5":"product_cat-maros-megyei-eletrajzi-lexikon","7":"first","8":"instock","9":"shipping-taxable","10":"product-type-simple"},"_links":{"self":[{"href":"https:\/\/uj.adatbank.ro\/lexikon\/wp-json\/wp\/v2\/product\/16060","targetHints":{"allow":["GET"]}}],"collection":[{"href":"https:\/\/uj.adatbank.ro\/lexikon\/wp-json\/wp\/v2\/product"}],"about":[{"href":"https:\/\/uj.adatbank.ro\/lexikon\/wp-json\/wp\/v2\/types\/product"}],"replies":[{"embeddable":true,"href":"https:\/\/uj.adatbank.ro\/lexikon\/wp-json\/wp\/v2\/comments?post=16060"}],"wp:attachment":[{"href":"https:\/\/uj.adatbank.ro\/lexikon\/wp-json\/wp\/v2\/media?parent=16060"}],"wp:term":[{"taxonomy":"product_brand","embeddable":true,"href":"https:\/\/uj.adatbank.ro\/lexikon\/wp-json\/wp\/v2\/product_brand?post=16060"},{"taxonomy":"product_cat","embeddable":true,"href":"https:\/\/uj.adatbank.ro\/lexikon\/wp-json\/wp\/v2\/product_cat?post=16060"},{"taxonomy":"product_tag","embeddable":true,"href":"https:\/\/uj.adatbank.ro\/lexikon\/wp-json\/wp\/v2\/product_tag?post=16060"}],"curies":[{"name":"wp","href":"https:\/\/api.w.org\/{rel}","templated":true}]}}