{"id":16064,"date":"2025-07-15T16:03:42","date_gmt":"2025-07-15T14:03:42","guid":{"rendered":"https:\/\/uj.adatbank.ro\/lexikon\/termek\/nagy-antal-2\/"},"modified":"2025-07-15T16:03:42","modified_gmt":"2025-07-15T14:03:42","slug":"nagy-antal-2","status":"publish","type":"product","link":"https:\/\/uj.adatbank.ro\/lexikon\/termek\/nagy-antal-2\/","title":{"rendered":"NAGY Antal"},"content":{"rendered":"<p>? \u2020 ?: r. k. pap. \u2013 Pl\u00e9b\u00e1nos volt a szenth\u00e1roms\u00e1gi egyh\u00e1zk\u00f6zs\u00e9gben (1900\u201306), az \u0151 idej\u00e9ben bontott\u00e1k le a r\u00e9gi templomot \u00e9s \u00e9p\u00edtett\u00e9k fel az \u00fajat. <br \/><strong>Irod.:<\/strong> Maros-k\u00fck\u00fcll\u0151i f\u0151esp.<\/br><\/p>\n","protected":false},"excerpt":{"rendered":"<p>? \u2020 ?: r. k. pap. \u2013 Pl\u00e9b\u00e1nos volt a szenth\u00e1roms\u00e1gi egyh\u00e1zk\u00f6zs\u00e9gben (1900\u201306), az \u0151 idej\u00e9ben bontott\u00e1k le a r\u00e9gi templomot \u00e9s \u00e9p\u00edtett\u00e9k fel az \u00fajat. Irod.: Maros-k\u00fck\u00fcll\u0151i f\u0151esp.<\/p>\n","protected":false},"featured_media":0,"comment_status":"open","ping_status":"closed","template":"","meta":[],"product_brand":[],"product_cat":[137],"product_tag":[],"class_list":{"0":"post-16064","1":"product","2":"type-product","3":"status-publish","5":"product_cat-maros-megyei-eletrajzi-lexikon","7":"first","8":"instock","9":"shipping-taxable","10":"product-type-simple"},"_links":{"self":[{"href":"https:\/\/uj.adatbank.ro\/lexikon\/wp-json\/wp\/v2\/product\/16064","targetHints":{"allow":["GET"]}}],"collection":[{"href":"https:\/\/uj.adatbank.ro\/lexikon\/wp-json\/wp\/v2\/product"}],"about":[{"href":"https:\/\/uj.adatbank.ro\/lexikon\/wp-json\/wp\/v2\/types\/product"}],"replies":[{"embeddable":true,"href":"https:\/\/uj.adatbank.ro\/lexikon\/wp-json\/wp\/v2\/comments?post=16064"}],"wp:attachment":[{"href":"https:\/\/uj.adatbank.ro\/lexikon\/wp-json\/wp\/v2\/media?parent=16064"}],"wp:term":[{"taxonomy":"product_brand","embeddable":true,"href":"https:\/\/uj.adatbank.ro\/lexikon\/wp-json\/wp\/v2\/product_brand?post=16064"},{"taxonomy":"product_cat","embeddable":true,"href":"https:\/\/uj.adatbank.ro\/lexikon\/wp-json\/wp\/v2\/product_cat?post=16064"},{"taxonomy":"product_tag","embeddable":true,"href":"https:\/\/uj.adatbank.ro\/lexikon\/wp-json\/wp\/v2\/product_tag?post=16064"}],"curies":[{"name":"wp","href":"https:\/\/api.w.org\/{rel}","templated":true}]}}