{"id":16066,"date":"2025-07-15T16:03:47","date_gmt":"2025-07-15T14:03:47","guid":{"rendered":"https:\/\/uj.adatbank.ro\/lexikon\/termek\/nagy-arpad\/"},"modified":"2025-07-15T16:03:47","modified_gmt":"2025-07-15T14:03:47","slug":"nagy-arpad","status":"publish","type":"product","link":"https:\/\/uj.adatbank.ro\/lexikon\/termek\/nagy-arpad\/","title":{"rendered":"NAGY \u00c1rp\u00e1d"},"content":{"rendered":"<p>1888., \u2020 ?: tan\u00e1r. \u2013 Feles\u00e9ge: Borsos Ir\u00e9n. Gyermekeik: Viktor, Lili, \u00c1rp\u00e1d, Emmy (1918 \u2013 Mv., 1920. \u00e1pr. 11.). \u2013 A mv.-i Ref. Koll. tan\u00e1ra (1910\u201312). A Sz\u00e9chenyi Istv\u00e1n Fels\u0151kereskedelmi Iskola tan\u00e1ra. <br \/><strong>Irod.:<\/strong> Gy\u00e1szjelent\u0151; Mv. t\u00f6rt.2<\/br><\/p>\n","protected":false},"excerpt":{"rendered":"<p>1888., \u2020 ?: tan\u00e1r. \u2013 Feles\u00e9ge: Borsos Ir\u00e9n. Gyermekeik: Viktor, Lili, \u00c1rp\u00e1d, Emmy (1918 \u2013 Mv., 1920. \u00e1pr. 11.). \u2013 A mv.-i Ref. Koll. tan\u00e1ra (1910\u201312). A Sz\u00e9chenyi Istv\u00e1n Fels\u0151kereskedelmi Iskola tan\u00e1ra. Irod.: Gy\u00e1szjelent\u0151; Mv. t\u00f6rt.2<\/p>\n","protected":false},"featured_media":0,"comment_status":"open","ping_status":"closed","template":"","meta":[],"product_brand":[],"product_cat":[137],"product_tag":[],"class_list":{"0":"post-16066","1":"product","2":"type-product","3":"status-publish","5":"product_cat-maros-megyei-eletrajzi-lexikon","7":"first","8":"instock","9":"shipping-taxable","10":"product-type-simple"},"_links":{"self":[{"href":"https:\/\/uj.adatbank.ro\/lexikon\/wp-json\/wp\/v2\/product\/16066","targetHints":{"allow":["GET"]}}],"collection":[{"href":"https:\/\/uj.adatbank.ro\/lexikon\/wp-json\/wp\/v2\/product"}],"about":[{"href":"https:\/\/uj.adatbank.ro\/lexikon\/wp-json\/wp\/v2\/types\/product"}],"replies":[{"embeddable":true,"href":"https:\/\/uj.adatbank.ro\/lexikon\/wp-json\/wp\/v2\/comments?post=16066"}],"wp:attachment":[{"href":"https:\/\/uj.adatbank.ro\/lexikon\/wp-json\/wp\/v2\/media?parent=16066"}],"wp:term":[{"taxonomy":"product_brand","embeddable":true,"href":"https:\/\/uj.adatbank.ro\/lexikon\/wp-json\/wp\/v2\/product_brand?post=16066"},{"taxonomy":"product_cat","embeddable":true,"href":"https:\/\/uj.adatbank.ro\/lexikon\/wp-json\/wp\/v2\/product_cat?post=16066"},{"taxonomy":"product_tag","embeddable":true,"href":"https:\/\/uj.adatbank.ro\/lexikon\/wp-json\/wp\/v2\/product_tag?post=16066"}],"curies":[{"name":"wp","href":"https:\/\/api.w.org\/{rel}","templated":true}]}}