{"id":16068,"date":"2025-07-15T16:03:49","date_gmt":"2025-07-15T14:03:49","guid":{"rendered":"https:\/\/uj.adatbank.ro\/lexikon\/termek\/nagy-arpad-3\/"},"modified":"2025-07-15T16:03:49","modified_gmt":"2025-07-15T14:03:49","slug":"nagy-arpad-3","status":"publish","type":"product","link":"https:\/\/uj.adatbank.ro\/lexikon\/termek\/nagy-arpad-3\/","title":{"rendered":"NAGY \u00c1rp\u00e1d"},"content":{"rendered":"<p>? \u2020 1936. j\u00fan. 13.: a marosi egyh\u00e1zk\u00f6zs\u00e9g fel\u00fcgyel\u0151-gondnoka. <br \/><strong>Irod.:<\/strong> Gy\u00e1szh\u00edrek.ker.1936.; Kelemen<\/br><\/p>\n","protected":false},"excerpt":{"rendered":"<p>? \u2020 1936. j\u00fan. 13.: a marosi egyh\u00e1zk\u00f6zs\u00e9g fel\u00fcgyel\u0151-gondnoka. Irod.: Gy\u00e1szh\u00edrek.ker.1936.; Kelemen<\/p>\n","protected":false},"featured_media":0,"comment_status":"open","ping_status":"closed","template":"","meta":[],"product_brand":[],"product_cat":[137],"product_tag":[],"class_list":{"0":"post-16068","1":"product","2":"type-product","3":"status-publish","5":"product_cat-maros-megyei-eletrajzi-lexikon","7":"first","8":"instock","9":"shipping-taxable","10":"product-type-simple"},"_links":{"self":[{"href":"https:\/\/uj.adatbank.ro\/lexikon\/wp-json\/wp\/v2\/product\/16068","targetHints":{"allow":["GET"]}}],"collection":[{"href":"https:\/\/uj.adatbank.ro\/lexikon\/wp-json\/wp\/v2\/product"}],"about":[{"href":"https:\/\/uj.adatbank.ro\/lexikon\/wp-json\/wp\/v2\/types\/product"}],"replies":[{"embeddable":true,"href":"https:\/\/uj.adatbank.ro\/lexikon\/wp-json\/wp\/v2\/comments?post=16068"}],"wp:attachment":[{"href":"https:\/\/uj.adatbank.ro\/lexikon\/wp-json\/wp\/v2\/media?parent=16068"}],"wp:term":[{"taxonomy":"product_brand","embeddable":true,"href":"https:\/\/uj.adatbank.ro\/lexikon\/wp-json\/wp\/v2\/product_brand?post=16068"},{"taxonomy":"product_cat","embeddable":true,"href":"https:\/\/uj.adatbank.ro\/lexikon\/wp-json\/wp\/v2\/product_cat?post=16068"},{"taxonomy":"product_tag","embeddable":true,"href":"https:\/\/uj.adatbank.ro\/lexikon\/wp-json\/wp\/v2\/product_tag?post=16068"}],"curies":[{"name":"wp","href":"https:\/\/api.w.org\/{rel}","templated":true}]}}