{"id":1607,"date":"2025-06-28T11:47:26","date_gmt":"2025-06-28T09:47:26","guid":{"rendered":"https:\/\/uj.adatbank.ro\/lexikon\/termek\/adorjan-istvan-%c2%a7\/"},"modified":"2025-06-28T11:47:26","modified_gmt":"2025-06-28T09:47:26","slug":"adorjan-istvan-%c2%a7","status":"publish","type":"product","link":"https:\/\/uj.adatbank.ro\/lexikon\/termek\/adorjan-istvan-%c2%a7\/","title":{"rendered":"ADORJ\u00c1N Istv\u00e1n, \u00a7"},"content":{"rendered":"<p>Aranyosb\u00e1nya, 1914. szept. 10., \u2020 Mv., 1990. j\u00fan. 8.: tan\u00e1r. \u2013 Tanulm\u00e1nyait Cs\u00edkszered\u00e1ban \u00e9s Kv.-on v\u00e9gezte t\u00f6rt\u00e9nelem-f\u00f6ldrajz szakon (1937). A kv.-i Ref. Koll.-ban mint k\u00f6nyvt\u00e1ros \u00e9s pedellus dolgozott ell\u00e1t\u00e1s fej\u00e9ben (1937\u201340). A mv-i \u00c1ll. M. Kir. Tan\u00edt\u00f3k\u00e9pz\u0151ben (1940\u201344), majd az \u00faj nev\u00e9n, az \u00c1llami Tan\u00edt\u00f3k\u00e9pz\u0151 Int\u00e9zetben (1944\u201348) volt f\u00f6ldrajz-t\u00f6rt\u00e9nelem szakos tan\u00e1r, igazgat\u00f3 helyettes (1940\u201348). A mv.-i 4. sz. Le\u00e1nyl\u00edc.-ban, majd Unirea L\u00edc.-ban f\u00f6ldrajzot tan\u00edtott (1948\u201374). <strong>F. m.:<\/strong> A magyar Kommunista \u00e1llam vasf\u00fcgg\u00f6nye fel\u00e9: Eml\u00e9kiratreg\u00e9ny (Mv., A. I. kiad\u00e1s\u00e1ban, Tipomur, 2000). <br \/><strong>Irod.:<\/strong> csal\u00e1di inf.; Bartos 2012; Berekm\u00e9ri 2015 ; Szab\u00f3 K. Attila; Sz\u00e9kelyf\u00f6ld \u00ed. k.<\/br><\/p>\n","protected":false},"excerpt":{"rendered":"<p>Aranyosb\u00e1nya, 1914. szept. 10., \u2020 Mv., 1990. j\u00fan. 8.: tan\u00e1r. \u2013 Tanulm\u00e1nyait Cs\u00edkszered\u00e1ban \u00e9s Kv.-on v\u00e9gezte t\u00f6rt\u00e9nelem-f\u00f6ldrajz szakon (1937). A kv.-i Ref. Koll.-ban mint k\u00f6nyvt\u00e1ros \u00e9s pedellus dolgozott ell\u00e1t\u00e1s fej\u00e9ben (1937\u201340). A mv-i \u00c1ll. M. Kir. Tan\u00edt\u00f3k\u00e9pz\u0151ben (1940\u201344), majd az \u00faj nev\u00e9n, az \u00c1llami Tan\u00edt\u00f3k\u00e9pz\u0151 Int\u00e9zetben (1944\u201348) volt f\u00f6ldrajz-t\u00f6rt\u00e9nelem szakos tan\u00e1r, igazgat\u00f3 helyettes (1940\u201348). A [&hellip;]<\/p>\n","protected":false},"featured_media":0,"comment_status":"open","ping_status":"closed","template":"","meta":[],"product_brand":[],"product_cat":[137],"product_tag":[],"class_list":{"0":"post-1607","1":"product","2":"type-product","3":"status-publish","5":"product_cat-maros-megyei-eletrajzi-lexikon","7":"first","8":"instock","9":"shipping-taxable","10":"product-type-simple"},"_links":{"self":[{"href":"https:\/\/uj.adatbank.ro\/lexikon\/wp-json\/wp\/v2\/product\/1607","targetHints":{"allow":["GET"]}}],"collection":[{"href":"https:\/\/uj.adatbank.ro\/lexikon\/wp-json\/wp\/v2\/product"}],"about":[{"href":"https:\/\/uj.adatbank.ro\/lexikon\/wp-json\/wp\/v2\/types\/product"}],"replies":[{"embeddable":true,"href":"https:\/\/uj.adatbank.ro\/lexikon\/wp-json\/wp\/v2\/comments?post=1607"}],"wp:attachment":[{"href":"https:\/\/uj.adatbank.ro\/lexikon\/wp-json\/wp\/v2\/media?parent=1607"}],"wp:term":[{"taxonomy":"product_brand","embeddable":true,"href":"https:\/\/uj.adatbank.ro\/lexikon\/wp-json\/wp\/v2\/product_brand?post=1607"},{"taxonomy":"product_cat","embeddable":true,"href":"https:\/\/uj.adatbank.ro\/lexikon\/wp-json\/wp\/v2\/product_cat?post=1607"},{"taxonomy":"product_tag","embeddable":true,"href":"https:\/\/uj.adatbank.ro\/lexikon\/wp-json\/wp\/v2\/product_tag?post=1607"}],"curies":[{"name":"wp","href":"https:\/\/api.w.org\/{rel}","templated":true}]}}