{"id":16076,"date":"2025-07-15T16:04:05","date_gmt":"2025-07-15T14:04:05","guid":{"rendered":"https:\/\/uj.adatbank.ro\/lexikon\/termek\/nagy-bela-3\/"},"modified":"2025-07-15T16:04:05","modified_gmt":"2025-07-15T14:04:05","slug":"nagy-bela-3","status":"publish","type":"product","link":"https:\/\/uj.adatbank.ro\/lexikon\/termek\/nagy-bela-3\/","title":{"rendered":"NAGY B\u00e9la"},"content":{"rendered":"<p>Marosj\u00e1ra, 1929. m\u00e1j. 21.\u2020 Mv., 2019. szept. 27.: g\u00e9p\u00e9szm\u00e9rn\u00f6k. \u2013 Feles\u00e9ge: Kov\u00e1cs Aranka. \u2013 A k\u00f6z\u00e9piskol\u00e1t Mv.-en a Ref. Koll.-ban, az egyetemet Temesv\u00e1ron v\u00e9gezte. Mv.-en m\u00e9rn\u00f6k, az Electromures tervez\u0151 oszt\u00e1ly\u00e1nak vezet\u0151je nyugd\u00edjba vonul\u00e1s\u00e1ig (1952\u201389). Bejegyzett tal\u00e1lm\u00e1nya a telefonzsinor-gy\u00e1rt\u00f3 g\u00e9psor. Tanulm\u00e1nyait k\u00f6z\u00f6lt\u00e9k a hazai szakfoly\u00f3iratok. \u2013 <strong>F. m.:<\/strong> Agregate de izolat conductori electrici cu materiale prin metoda extrud\u0103rii (IDT). Szakmai elismerts\u00e9ge. Torino, P\u00e1rizs, G\u00f6teborg, Berlin. <br \/><strong>Irod.:<\/strong> EMKK 2000; Temet\u00e9se:2019. szept. 30.; RMKK<\/br><\/p>\n","protected":false},"excerpt":{"rendered":"<p>Marosj\u00e1ra, 1929. m\u00e1j. 21.\u2020 Mv., 2019. szept. 27.: g\u00e9p\u00e9szm\u00e9rn\u00f6k. \u2013 Feles\u00e9ge: Kov\u00e1cs Aranka. \u2013 A k\u00f6z\u00e9piskol\u00e1t Mv.-en a Ref. Koll.-ban, az egyetemet Temesv\u00e1ron v\u00e9gezte. Mv.-en m\u00e9rn\u00f6k, az Electromures tervez\u0151 oszt\u00e1ly\u00e1nak vezet\u0151je nyugd\u00edjba vonul\u00e1s\u00e1ig (1952\u201389). Bejegyzett tal\u00e1lm\u00e1nya a telefonzsinor-gy\u00e1rt\u00f3 g\u00e9psor. Tanulm\u00e1nyait k\u00f6z\u00f6lt\u00e9k a hazai szakfoly\u00f3iratok. \u2013 F. m.: Agregate de izolat conductori electrici cu materiale prin [&hellip;]<\/p>\n","protected":false},"featured_media":0,"comment_status":"open","ping_status":"closed","template":"","meta":[],"product_brand":[],"product_cat":[137],"product_tag":[],"class_list":{"0":"post-16076","1":"product","2":"type-product","3":"status-publish","5":"product_cat-maros-megyei-eletrajzi-lexikon","7":"first","8":"instock","9":"shipping-taxable","10":"product-type-simple"},"_links":{"self":[{"href":"https:\/\/uj.adatbank.ro\/lexikon\/wp-json\/wp\/v2\/product\/16076","targetHints":{"allow":["GET"]}}],"collection":[{"href":"https:\/\/uj.adatbank.ro\/lexikon\/wp-json\/wp\/v2\/product"}],"about":[{"href":"https:\/\/uj.adatbank.ro\/lexikon\/wp-json\/wp\/v2\/types\/product"}],"replies":[{"embeddable":true,"href":"https:\/\/uj.adatbank.ro\/lexikon\/wp-json\/wp\/v2\/comments?post=16076"}],"wp:attachment":[{"href":"https:\/\/uj.adatbank.ro\/lexikon\/wp-json\/wp\/v2\/media?parent=16076"}],"wp:term":[{"taxonomy":"product_brand","embeddable":true,"href":"https:\/\/uj.adatbank.ro\/lexikon\/wp-json\/wp\/v2\/product_brand?post=16076"},{"taxonomy":"product_cat","embeddable":true,"href":"https:\/\/uj.adatbank.ro\/lexikon\/wp-json\/wp\/v2\/product_cat?post=16076"},{"taxonomy":"product_tag","embeddable":true,"href":"https:\/\/uj.adatbank.ro\/lexikon\/wp-json\/wp\/v2\/product_tag?post=16076"}],"curies":[{"name":"wp","href":"https:\/\/api.w.org\/{rel}","templated":true}]}}