{"id":16083,"date":"2025-07-15T16:04:22","date_gmt":"2025-07-15T14:04:22","guid":{"rendered":"https:\/\/uj.adatbank.ro\/lexikon\/termek\/nagy-boldizsar\/"},"modified":"2025-07-15T16:04:22","modified_gmt":"2025-07-15T14:04:22","slug":"nagy-boldizsar","status":"publish","type":"product","link":"https:\/\/uj.adatbank.ro\/lexikon\/termek\/nagy-boldizsar\/","title":{"rendered":"NAGY Boldizs\u00e1r"},"content":{"rendered":"<p>?1600 k.\u2020 ? :orvos. \u2013 A p\u00e1duai egyetemen tanult (1656).A kv.-i iskol\u00e1ban tan\u00edtott (1657). Orvosi szolg\u00e1latai\u00e9rt Barcsai \u00c1kos fejedelem nemesi c\u00edmeres lev\u00e9llel jutalmazta (1659). <strong>F. m.:<\/strong> V\u00e9d\u0151besz\u00e9d Boythi G\u00e1sp\u00e1rral szemben (1621) <br \/><strong>Irod.:<\/strong> Kelemen<\/br><\/p>\n","protected":false},"excerpt":{"rendered":"<p>?1600 k.\u2020 ? :orvos. \u2013 A p\u00e1duai egyetemen tanult (1656).A kv.-i iskol\u00e1ban tan\u00edtott (1657). Orvosi szolg\u00e1latai\u00e9rt Barcsai \u00c1kos fejedelem nemesi c\u00edmeres lev\u00e9llel jutalmazta (1659). F. m.: V\u00e9d\u0151besz\u00e9d Boythi G\u00e1sp\u00e1rral szemben (1621) Irod.: Kelemen<\/p>\n","protected":false},"featured_media":0,"comment_status":"open","ping_status":"closed","template":"","meta":[],"product_brand":[],"product_cat":[137],"product_tag":[],"class_list":{"0":"post-16083","1":"product","2":"type-product","3":"status-publish","5":"product_cat-maros-megyei-eletrajzi-lexikon","7":"first","8":"instock","9":"shipping-taxable","10":"product-type-simple"},"_links":{"self":[{"href":"https:\/\/uj.adatbank.ro\/lexikon\/wp-json\/wp\/v2\/product\/16083","targetHints":{"allow":["GET"]}}],"collection":[{"href":"https:\/\/uj.adatbank.ro\/lexikon\/wp-json\/wp\/v2\/product"}],"about":[{"href":"https:\/\/uj.adatbank.ro\/lexikon\/wp-json\/wp\/v2\/types\/product"}],"replies":[{"embeddable":true,"href":"https:\/\/uj.adatbank.ro\/lexikon\/wp-json\/wp\/v2\/comments?post=16083"}],"wp:attachment":[{"href":"https:\/\/uj.adatbank.ro\/lexikon\/wp-json\/wp\/v2\/media?parent=16083"}],"wp:term":[{"taxonomy":"product_brand","embeddable":true,"href":"https:\/\/uj.adatbank.ro\/lexikon\/wp-json\/wp\/v2\/product_brand?post=16083"},{"taxonomy":"product_cat","embeddable":true,"href":"https:\/\/uj.adatbank.ro\/lexikon\/wp-json\/wp\/v2\/product_cat?post=16083"},{"taxonomy":"product_tag","embeddable":true,"href":"https:\/\/uj.adatbank.ro\/lexikon\/wp-json\/wp\/v2\/product_tag?post=16083"}],"curies":[{"name":"wp","href":"https:\/\/api.w.org\/{rel}","templated":true}]}}