{"id":16085,"date":"2025-07-15T16:04:26","date_gmt":"2025-07-15T14:04:26","guid":{"rendered":"https:\/\/uj.adatbank.ro\/lexikon\/termek\/nagy-borbala-borsai-gr-gr-bethlen-samuelne\/"},"modified":"2025-07-15T16:04:26","modified_gmt":"2025-07-15T14:04:26","slug":"nagy-borbala-borsai-gr-gr-bethlen-samuelne","status":"publish","type":"product","link":"https:\/\/uj.adatbank.ro\/lexikon\/termek\/nagy-borbala-borsai-gr-gr-bethlen-samuelne\/","title":{"rendered":"NAGY Borb\u00e1la, borsai, gr., gr. Bethlen S\u00e1mueln\u00e9"},"content":{"rendered":"<p>? \u2020 1718: borsai Nagy Tam\u00e1s \u00e9s Thoroczkai Kata le\u00e1nya. Bethlen S\u00e1muel feles\u00e9ge (1684\u2013). Nagyteremi ref. egyh\u00e1zk\u00f6zs\u00e9g\u00e9nek ez\u00fcst keny\u00e9roszt\u00f3 t\u00e1ny\u00e9rt aj\u00e1nd\u00e9kozott (1699). <br \/><strong>Irod.:<\/strong> \u00c1rva Bethlen K., Bicsok Zolt\u00e1n: Fondok \u00e9s gy\u0171jtem\u00e9nyek a Rom\u00e1n Orsz\u00e1gos Lev\u00e9lt\u00e1r Cs\u00edkszeredai Igazgat\u00f3s\u00e1g\u00e1nak kezel\u00e9s\u00e9ben 4. (\u00d6r\u00f6ks\u00e9g\u00fcnk, 4. sz., 2009); K\u00fck\u00fcll\u0151i Ref. Egyh\u00e1zm. 4.<\/br><\/p>\n","protected":false},"excerpt":{"rendered":"<p>? \u2020 1718: borsai Nagy Tam\u00e1s \u00e9s Thoroczkai Kata le\u00e1nya. Bethlen S\u00e1muel feles\u00e9ge (1684\u2013). Nagyteremi ref. egyh\u00e1zk\u00f6zs\u00e9g\u00e9nek ez\u00fcst keny\u00e9roszt\u00f3 t\u00e1ny\u00e9rt aj\u00e1nd\u00e9kozott (1699). Irod.: \u00c1rva Bethlen K., Bicsok Zolt\u00e1n: Fondok \u00e9s gy\u0171jtem\u00e9nyek a Rom\u00e1n Orsz\u00e1gos Lev\u00e9lt\u00e1r Cs\u00edkszeredai Igazgat\u00f3s\u00e1g\u00e1nak kezel\u00e9s\u00e9ben 4. (\u00d6r\u00f6ks\u00e9g\u00fcnk, 4. sz., 2009); K\u00fck\u00fcll\u0151i Ref. Egyh\u00e1zm. 4.<\/p>\n","protected":false},"featured_media":0,"comment_status":"open","ping_status":"closed","template":"","meta":[],"product_brand":[],"product_cat":[137],"product_tag":[],"class_list":{"0":"post-16085","1":"product","2":"type-product","3":"status-publish","5":"product_cat-maros-megyei-eletrajzi-lexikon","7":"first","8":"instock","9":"shipping-taxable","10":"product-type-simple"},"_links":{"self":[{"href":"https:\/\/uj.adatbank.ro\/lexikon\/wp-json\/wp\/v2\/product\/16085","targetHints":{"allow":["GET"]}}],"collection":[{"href":"https:\/\/uj.adatbank.ro\/lexikon\/wp-json\/wp\/v2\/product"}],"about":[{"href":"https:\/\/uj.adatbank.ro\/lexikon\/wp-json\/wp\/v2\/types\/product"}],"replies":[{"embeddable":true,"href":"https:\/\/uj.adatbank.ro\/lexikon\/wp-json\/wp\/v2\/comments?post=16085"}],"wp:attachment":[{"href":"https:\/\/uj.adatbank.ro\/lexikon\/wp-json\/wp\/v2\/media?parent=16085"}],"wp:term":[{"taxonomy":"product_brand","embeddable":true,"href":"https:\/\/uj.adatbank.ro\/lexikon\/wp-json\/wp\/v2\/product_brand?post=16085"},{"taxonomy":"product_cat","embeddable":true,"href":"https:\/\/uj.adatbank.ro\/lexikon\/wp-json\/wp\/v2\/product_cat?post=16085"},{"taxonomy":"product_tag","embeddable":true,"href":"https:\/\/uj.adatbank.ro\/lexikon\/wp-json\/wp\/v2\/product_tag?post=16085"}],"curies":[{"name":"wp","href":"https:\/\/api.w.org\/{rel}","templated":true}]}}