{"id":16086,"date":"2025-07-15T16:04:28","date_gmt":"2025-07-15T14:04:28","guid":{"rendered":"https:\/\/uj.adatbank.ro\/lexikon\/termek\/nagy-csiszar-janos-alias-szilagyi-csiszar-janos\/"},"modified":"2025-07-15T16:04:28","modified_gmt":"2025-07-15T14:04:28","slug":"nagy-csiszar-janos-alias-szilagyi-csiszar-janos","status":"publish","type":"product","link":"https:\/\/uj.adatbank.ro\/lexikon\/termek\/nagy-csiszar-janos-alias-szilagyi-csiszar-janos\/","title":{"rendered":"NAGY CSISZ\u00c1R J\u00e1nos, alias Szil\u00e1gyi Csisz\u00e1r J\u00e1nos"},"content":{"rendered":"<p>? \u2020 ?: csisz\u00e1r, mv.-i polg\u00e1r, b\u00edr\u00f3. \u2013 A mv.-i csisz\u00e1r c\u00e9h tagja (1657); A mv.-i v\u00e1r v\u00e1lasztott kapit\u00e1nya (1658); Mv. v\u00e1ros f\u0151b\u00edr\u00e1ja (1661, 1664, 1665, 1667, 1668, 1670.). <br \/><strong>Irod.:<\/strong> Id\u0151t\u00e1r 1; Keszeg; Marossz\u00e9ki kr\u00f3nik\u00e1k 1.; P\u00e1l-Antal 2006; SzOkl, 6<\/br><\/p>\n","protected":false},"excerpt":{"rendered":"<p>? \u2020 ?: csisz\u00e1r, mv.-i polg\u00e1r, b\u00edr\u00f3. \u2013 A mv.-i csisz\u00e1r c\u00e9h tagja (1657); A mv.-i v\u00e1r v\u00e1lasztott kapit\u00e1nya (1658); Mv. v\u00e1ros f\u0151b\u00edr\u00e1ja (1661, 1664, 1665, 1667, 1668, 1670.). Irod.: Id\u0151t\u00e1r 1; Keszeg; Marossz\u00e9ki kr\u00f3nik\u00e1k 1.; P\u00e1l-Antal 2006; SzOkl, 6<\/p>\n","protected":false},"featured_media":0,"comment_status":"open","ping_status":"closed","template":"","meta":[],"product_brand":[],"product_cat":[137],"product_tag":[],"class_list":{"0":"post-16086","1":"product","2":"type-product","3":"status-publish","5":"product_cat-maros-megyei-eletrajzi-lexikon","7":"first","8":"instock","9":"shipping-taxable","10":"product-type-simple"},"_links":{"self":[{"href":"https:\/\/uj.adatbank.ro\/lexikon\/wp-json\/wp\/v2\/product\/16086","targetHints":{"allow":["GET"]}}],"collection":[{"href":"https:\/\/uj.adatbank.ro\/lexikon\/wp-json\/wp\/v2\/product"}],"about":[{"href":"https:\/\/uj.adatbank.ro\/lexikon\/wp-json\/wp\/v2\/types\/product"}],"replies":[{"embeddable":true,"href":"https:\/\/uj.adatbank.ro\/lexikon\/wp-json\/wp\/v2\/comments?post=16086"}],"wp:attachment":[{"href":"https:\/\/uj.adatbank.ro\/lexikon\/wp-json\/wp\/v2\/media?parent=16086"}],"wp:term":[{"taxonomy":"product_brand","embeddable":true,"href":"https:\/\/uj.adatbank.ro\/lexikon\/wp-json\/wp\/v2\/product_brand?post=16086"},{"taxonomy":"product_cat","embeddable":true,"href":"https:\/\/uj.adatbank.ro\/lexikon\/wp-json\/wp\/v2\/product_cat?post=16086"},{"taxonomy":"product_tag","embeddable":true,"href":"https:\/\/uj.adatbank.ro\/lexikon\/wp-json\/wp\/v2\/product_tag?post=16086"}],"curies":[{"name":"wp","href":"https:\/\/api.w.org\/{rel}","templated":true}]}}