{"id":16088,"date":"2025-07-15T16:04:33","date_gmt":"2025-07-15T14:04:33","guid":{"rendered":"https:\/\/uj.adatbank.ro\/lexikon\/termek\/nagy-daniel-2\/"},"modified":"2025-07-15T16:04:33","modified_gmt":"2025-07-15T14:04:33","slug":"nagy-daniel-2","status":"publish","type":"product","link":"https:\/\/uj.adatbank.ro\/lexikon\/termek\/nagy-daniel-2\/","title":{"rendered":"NAGY D\u00e1niel"},"content":{"rendered":"<p>Erd\u0151csin\u00e1d, 1860., \u2020 1933. szept. 4.: gazd\u00e1lkod\u00f3. \u2013 Iskol\u00e1i elv\u00e9gz\u00e9se ut\u00e1n a sz\u00fcl\u0151i h\u00e1zn\u00e1l tanult gazd\u00e1lkodna, majd \u00f6n\u00e1ll\u00f3 lett Iklandon. Az els\u0151 vh.-ban mint t\u00f6rzs\u00f6rmester harcolt, sz\u00e1mos kit\u00fcntet\u00e9st kapott. Tekint\u00e9lyes gazd\u00e1ja volt a k\u00f6zs\u00e9gnek, a k\u00f6z\u00fcgyekben kivette r\u00e9sz\u00e9t. <br \/><strong>Irod.:<\/strong> Sz\u00e9kelyf\u00f6ld \u00ed.k.<\/br><\/p>\n","protected":false},"excerpt":{"rendered":"<p>Erd\u0151csin\u00e1d, 1860., \u2020 1933. szept. 4.: gazd\u00e1lkod\u00f3. \u2013 Iskol\u00e1i elv\u00e9gz\u00e9se ut\u00e1n a sz\u00fcl\u0151i h\u00e1zn\u00e1l tanult gazd\u00e1lkodna, majd \u00f6n\u00e1ll\u00f3 lett Iklandon. Az els\u0151 vh.-ban mint t\u00f6rzs\u00f6rmester harcolt, sz\u00e1mos kit\u00fcntet\u00e9st kapott. Tekint\u00e9lyes gazd\u00e1ja volt a k\u00f6zs\u00e9gnek, a k\u00f6z\u00fcgyekben kivette r\u00e9sz\u00e9t. Irod.: Sz\u00e9kelyf\u00f6ld \u00ed.k.<\/p>\n","protected":false},"featured_media":0,"comment_status":"open","ping_status":"closed","template":"","meta":[],"product_brand":[],"product_cat":[137],"product_tag":[],"class_list":{"0":"post-16088","1":"product","2":"type-product","3":"status-publish","5":"product_cat-maros-megyei-eletrajzi-lexikon","7":"first","8":"instock","9":"shipping-taxable","10":"product-type-simple"},"_links":{"self":[{"href":"https:\/\/uj.adatbank.ro\/lexikon\/wp-json\/wp\/v2\/product\/16088","targetHints":{"allow":["GET"]}}],"collection":[{"href":"https:\/\/uj.adatbank.ro\/lexikon\/wp-json\/wp\/v2\/product"}],"about":[{"href":"https:\/\/uj.adatbank.ro\/lexikon\/wp-json\/wp\/v2\/types\/product"}],"replies":[{"embeddable":true,"href":"https:\/\/uj.adatbank.ro\/lexikon\/wp-json\/wp\/v2\/comments?post=16088"}],"wp:attachment":[{"href":"https:\/\/uj.adatbank.ro\/lexikon\/wp-json\/wp\/v2\/media?parent=16088"}],"wp:term":[{"taxonomy":"product_brand","embeddable":true,"href":"https:\/\/uj.adatbank.ro\/lexikon\/wp-json\/wp\/v2\/product_brand?post=16088"},{"taxonomy":"product_cat","embeddable":true,"href":"https:\/\/uj.adatbank.ro\/lexikon\/wp-json\/wp\/v2\/product_cat?post=16088"},{"taxonomy":"product_tag","embeddable":true,"href":"https:\/\/uj.adatbank.ro\/lexikon\/wp-json\/wp\/v2\/product_tag?post=16088"}],"curies":[{"name":"wp","href":"https:\/\/api.w.org\/{rel}","templated":true}]}}