{"id":16089,"date":"2025-07-15T16:04:35","date_gmt":"2025-07-15T14:04:35","guid":{"rendered":"https:\/\/uj.adatbank.ro\/lexikon\/termek\/nagy-daniel-hosszumezo-rucsi\/"},"modified":"2025-07-15T16:04:35","modified_gmt":"2025-07-15T14:04:35","slug":"nagy-daniel-hosszumezo-rucsi","status":"publish","type":"product","link":"https:\/\/uj.adatbank.ro\/lexikon\/termek\/nagy-daniel-hosszumezo-rucsi\/","title":{"rendered":"NAGY D\u00e1niel, hossz\u00famez\u0151-r\u00fccsi"},"content":{"rendered":"<p>1802., \u2020 Mv., 1887. \u00e1pr. 13.: ?. \u2013 Feles\u00e9ge: Zongor Borb\u00e1la. Gyermekeik: N. Eszter, ref. lelk\u00e9sz Nemes K\u00e1rolyn\u00e9; N. Lajos, feles\u00e9ge Vajda Korn\u00e9lia. <br \/><strong>Irod.:<\/strong> Gy\u00e1szjelent\u0151<\/br><\/p>\n","protected":false},"excerpt":{"rendered":"<p>1802., \u2020 Mv., 1887. \u00e1pr. 13.: ?. \u2013 Feles\u00e9ge: Zongor Borb\u00e1la. Gyermekeik: N. Eszter, ref. lelk\u00e9sz Nemes K\u00e1rolyn\u00e9; N. Lajos, feles\u00e9ge Vajda Korn\u00e9lia. Irod.: Gy\u00e1szjelent\u0151<\/p>\n","protected":false},"featured_media":0,"comment_status":"open","ping_status":"closed","template":"","meta":[],"product_brand":[],"product_cat":[137],"product_tag":[],"class_list":{"0":"post-16089","1":"product","2":"type-product","3":"status-publish","5":"product_cat-maros-megyei-eletrajzi-lexikon","7":"first","8":"instock","9":"shipping-taxable","10":"product-type-simple"},"_links":{"self":[{"href":"https:\/\/uj.adatbank.ro\/lexikon\/wp-json\/wp\/v2\/product\/16089","targetHints":{"allow":["GET"]}}],"collection":[{"href":"https:\/\/uj.adatbank.ro\/lexikon\/wp-json\/wp\/v2\/product"}],"about":[{"href":"https:\/\/uj.adatbank.ro\/lexikon\/wp-json\/wp\/v2\/types\/product"}],"replies":[{"embeddable":true,"href":"https:\/\/uj.adatbank.ro\/lexikon\/wp-json\/wp\/v2\/comments?post=16089"}],"wp:attachment":[{"href":"https:\/\/uj.adatbank.ro\/lexikon\/wp-json\/wp\/v2\/media?parent=16089"}],"wp:term":[{"taxonomy":"product_brand","embeddable":true,"href":"https:\/\/uj.adatbank.ro\/lexikon\/wp-json\/wp\/v2\/product_brand?post=16089"},{"taxonomy":"product_cat","embeddable":true,"href":"https:\/\/uj.adatbank.ro\/lexikon\/wp-json\/wp\/v2\/product_cat?post=16089"},{"taxonomy":"product_tag","embeddable":true,"href":"https:\/\/uj.adatbank.ro\/lexikon\/wp-json\/wp\/v2\/product_tag?post=16089"}],"curies":[{"name":"wp","href":"https:\/\/api.w.org\/{rel}","templated":true}]}}