{"id":1609,"date":"2025-06-28T11:47:30","date_gmt":"2025-06-28T09:47:30","guid":{"rendered":"https:\/\/uj.adatbank.ro\/lexikon\/termek\/adorjan-kalman\/"},"modified":"2025-06-28T11:47:30","modified_gmt":"2025-06-28T09:47:30","slug":"adorjan-kalman","status":"publish","type":"product","link":"https:\/\/uj.adatbank.ro\/lexikon\/termek\/adorjan-kalman\/","title":{"rendered":"ADORJ\u00c1N K\u00e1lm\u00e1n"},"content":{"rendered":"<p>?, \u2020 ? : ecetgy\u00e1ros. \u2013 A Mv.-i Kaszin\u00f3 v\u00e1lasztm\u00e1nyi tagja (1947). <br \/><strong>Irod.:<\/strong> De\u00e9 Nagy Anik\u00f3 2007<\/br><\/p>\n","protected":false},"excerpt":{"rendered":"<p>?, \u2020 ? : ecetgy\u00e1ros. \u2013 A Mv.-i Kaszin\u00f3 v\u00e1lasztm\u00e1nyi tagja (1947). Irod.: De\u00e9 Nagy Anik\u00f3 2007<\/p>\n","protected":false},"featured_media":0,"comment_status":"open","ping_status":"closed","template":"","meta":[],"product_brand":[],"product_cat":[137],"product_tag":[],"class_list":{"0":"post-1609","1":"product","2":"type-product","3":"status-publish","5":"product_cat-maros-megyei-eletrajzi-lexikon","7":"first","8":"instock","9":"shipping-taxable","10":"product-type-simple"},"_links":{"self":[{"href":"https:\/\/uj.adatbank.ro\/lexikon\/wp-json\/wp\/v2\/product\/1609","targetHints":{"allow":["GET"]}}],"collection":[{"href":"https:\/\/uj.adatbank.ro\/lexikon\/wp-json\/wp\/v2\/product"}],"about":[{"href":"https:\/\/uj.adatbank.ro\/lexikon\/wp-json\/wp\/v2\/types\/product"}],"replies":[{"embeddable":true,"href":"https:\/\/uj.adatbank.ro\/lexikon\/wp-json\/wp\/v2\/comments?post=1609"}],"wp:attachment":[{"href":"https:\/\/uj.adatbank.ro\/lexikon\/wp-json\/wp\/v2\/media?parent=1609"}],"wp:term":[{"taxonomy":"product_brand","embeddable":true,"href":"https:\/\/uj.adatbank.ro\/lexikon\/wp-json\/wp\/v2\/product_brand?post=1609"},{"taxonomy":"product_cat","embeddable":true,"href":"https:\/\/uj.adatbank.ro\/lexikon\/wp-json\/wp\/v2\/product_cat?post=1609"},{"taxonomy":"product_tag","embeddable":true,"href":"https:\/\/uj.adatbank.ro\/lexikon\/wp-json\/wp\/v2\/product_tag?post=1609"}],"curies":[{"name":"wp","href":"https:\/\/api.w.org\/{rel}","templated":true}]}}