{"id":16092,"date":"2025-07-15T16:04:41","date_gmt":"2025-07-15T14:04:41","guid":{"rendered":"https:\/\/uj.adatbank.ro\/lexikon\/termek\/nagy-daniel-sovenyfalvi-daniel-diak\/"},"modified":"2025-07-15T16:04:41","modified_gmt":"2025-07-15T14:04:41","slug":"nagy-daniel-sovenyfalvi-daniel-diak","status":"publish","type":"product","link":"https:\/\/uj.adatbank.ro\/lexikon\/termek\/nagy-daniel-sovenyfalvi-daniel-diak\/","title":{"rendered":"NAGY D\u00e1niel, s\u00f6v\u00e9nyfalvi, D\u00e1niel di\u00e1k"},"content":{"rendered":"<p>? \u2020 ?: nemes, \u00edrnok. \u2013. Nagy Szab\u00f3 Mih\u00e1ly fia, le\u00e1nya Judit Csopi Istv\u00e1nn\u00e9 (1628). Mv.-i polg\u00e1r, egyid\u0151ben t\u00e1blai \u00edrnok, diplomata, Borsos Tam\u00e1s rokona Mv polg\u00e1rs\u00e1got nyert (1613). A v\u00e1ros esk\u00fcdt k\u00f6z\u00f6ns\u00e9g\u00e9nek tagja (1620). <br \/><strong>Irod.:<\/strong> Bir\u00f3 Vencel: Erd\u00e9ly k\u00f6vetei a Port\u00e1n (Kv., 1921); Borsos Tam\u00e1s; Marossz\u00e9ki kr\u00f3nik\u00e1k 1., P\u00e1l-Antal 2006<\/br><\/p>\n","protected":false},"excerpt":{"rendered":"<p>? \u2020 ?: nemes, \u00edrnok. \u2013. Nagy Szab\u00f3 Mih\u00e1ly fia, le\u00e1nya Judit Csopi Istv\u00e1nn\u00e9 (1628). Mv.-i polg\u00e1r, egyid\u0151ben t\u00e1blai \u00edrnok, diplomata, Borsos Tam\u00e1s rokona Mv polg\u00e1rs\u00e1got nyert (1613). A v\u00e1ros esk\u00fcdt k\u00f6z\u00f6ns\u00e9g\u00e9nek tagja (1620). Irod.: Bir\u00f3 Vencel: Erd\u00e9ly k\u00f6vetei a Port\u00e1n (Kv., 1921); Borsos Tam\u00e1s; Marossz\u00e9ki kr\u00f3nik\u00e1k 1., P\u00e1l-Antal 2006<\/p>\n","protected":false},"featured_media":0,"comment_status":"open","ping_status":"closed","template":"","meta":[],"product_brand":[],"product_cat":[137],"product_tag":[],"class_list":{"0":"post-16092","1":"product","2":"type-product","3":"status-publish","5":"product_cat-maros-megyei-eletrajzi-lexikon","7":"first","8":"instock","9":"shipping-taxable","10":"product-type-simple"},"_links":{"self":[{"href":"https:\/\/uj.adatbank.ro\/lexikon\/wp-json\/wp\/v2\/product\/16092","targetHints":{"allow":["GET"]}}],"collection":[{"href":"https:\/\/uj.adatbank.ro\/lexikon\/wp-json\/wp\/v2\/product"}],"about":[{"href":"https:\/\/uj.adatbank.ro\/lexikon\/wp-json\/wp\/v2\/types\/product"}],"replies":[{"embeddable":true,"href":"https:\/\/uj.adatbank.ro\/lexikon\/wp-json\/wp\/v2\/comments?post=16092"}],"wp:attachment":[{"href":"https:\/\/uj.adatbank.ro\/lexikon\/wp-json\/wp\/v2\/media?parent=16092"}],"wp:term":[{"taxonomy":"product_brand","embeddable":true,"href":"https:\/\/uj.adatbank.ro\/lexikon\/wp-json\/wp\/v2\/product_brand?post=16092"},{"taxonomy":"product_cat","embeddable":true,"href":"https:\/\/uj.adatbank.ro\/lexikon\/wp-json\/wp\/v2\/product_cat?post=16092"},{"taxonomy":"product_tag","embeddable":true,"href":"https:\/\/uj.adatbank.ro\/lexikon\/wp-json\/wp\/v2\/product_tag?post=16092"}],"curies":[{"name":"wp","href":"https:\/\/api.w.org\/{rel}","templated":true}]}}