{"id":16095,"date":"2025-07-15T16:04:46","date_gmt":"2025-07-15T14:04:46","guid":{"rendered":"https:\/\/uj.adatbank.ro\/lexikon\/termek\/nagy-denes-2\/"},"modified":"2025-07-15T16:04:46","modified_gmt":"2025-07-15T14:04:46","slug":"nagy-denes-2","status":"publish","type":"product","link":"https:\/\/uj.adatbank.ro\/lexikon\/termek\/nagy-denes-2\/","title":{"rendered":"NAGY D\u00e9nes"},"content":{"rendered":"<p>1852., \u2020 Mez\u0151bergenye, 1929. dec. 13.: f\u00f6ldbirtokos, bor\u00e1sz. \u2013 Mez\u0151bergenyei birtokos. Fia D\u00e1niel, dr. juris, megyei \u00e1rvasz\u00e9ki b\u00edr\u00f3. \u2013 Irod: Bor\u00e1szati t\u00f6rzsk\u00f6nyv (Bp., 1883); [Nekrol\u00f3g] (Az Ellenz\u00e9k, 1929. dec. 14.)<\/br><\/p>\n","protected":false},"excerpt":{"rendered":"<p>1852., \u2020 Mez\u0151bergenye, 1929. dec. 13.: f\u00f6ldbirtokos, bor\u00e1sz. \u2013 Mez\u0151bergenyei birtokos. Fia D\u00e1niel, dr. juris, megyei \u00e1rvasz\u00e9ki b\u00edr\u00f3. \u2013 Irod: Bor\u00e1szati t\u00f6rzsk\u00f6nyv (Bp., 1883); [Nekrol\u00f3g] (Az Ellenz\u00e9k, 1929. dec. 14.)<\/p>\n","protected":false},"featured_media":0,"comment_status":"open","ping_status":"closed","template":"","meta":[],"product_brand":[],"product_cat":[137],"product_tag":[],"class_list":{"0":"post-16095","1":"product","2":"type-product","3":"status-publish","5":"product_cat-maros-megyei-eletrajzi-lexikon","7":"first","8":"instock","9":"shipping-taxable","10":"product-type-simple"},"_links":{"self":[{"href":"https:\/\/uj.adatbank.ro\/lexikon\/wp-json\/wp\/v2\/product\/16095","targetHints":{"allow":["GET"]}}],"collection":[{"href":"https:\/\/uj.adatbank.ro\/lexikon\/wp-json\/wp\/v2\/product"}],"about":[{"href":"https:\/\/uj.adatbank.ro\/lexikon\/wp-json\/wp\/v2\/types\/product"}],"replies":[{"embeddable":true,"href":"https:\/\/uj.adatbank.ro\/lexikon\/wp-json\/wp\/v2\/comments?post=16095"}],"wp:attachment":[{"href":"https:\/\/uj.adatbank.ro\/lexikon\/wp-json\/wp\/v2\/media?parent=16095"}],"wp:term":[{"taxonomy":"product_brand","embeddable":true,"href":"https:\/\/uj.adatbank.ro\/lexikon\/wp-json\/wp\/v2\/product_brand?post=16095"},{"taxonomy":"product_cat","embeddable":true,"href":"https:\/\/uj.adatbank.ro\/lexikon\/wp-json\/wp\/v2\/product_cat?post=16095"},{"taxonomy":"product_tag","embeddable":true,"href":"https:\/\/uj.adatbank.ro\/lexikon\/wp-json\/wp\/v2\/product_tag?post=16095"}],"curies":[{"name":"wp","href":"https:\/\/api.w.org\/{rel}","templated":true}]}}