{"id":16099,"date":"2025-07-15T16:04:54","date_gmt":"2025-07-15T14:04:54","guid":{"rendered":"https:\/\/uj.adatbank.ro\/lexikon\/termek\/nagy-denes-zabolai\/"},"modified":"2025-07-15T16:04:54","modified_gmt":"2025-07-15T14:04:54","slug":"nagy-denes-zabolai","status":"publish","type":"product","link":"https:\/\/uj.adatbank.ro\/lexikon\/termek\/nagy-denes-zabolai\/","title":{"rendered":"NAGY D\u00e9nes, zabolai"},"content":{"rendered":"<p>1831, \u2020 Mv., 1907. \u00e1pr. 28.: jog\u00e1sz. \u2013 Erd\u0151szentgy\u00f6rgy\u00f6n temett\u00e9k el.1848-as 11. husz\u00e1rezredbeli hadnagy. Jogot v\u00e9gzett, \u00fcgyv\u00e9d, \u00e1llam \u00fcgy\u00e9sz (1867\u2013). Erd\u0151szentgy\u00f6rgy\u00f6n \u00e9lt. <br \/><strong>Irod.:<\/strong> csal\u00e1di inf. L\u00e9szai Ferenct\u0151l<\/br><\/p>\n","protected":false},"excerpt":{"rendered":"<p>1831, \u2020 Mv., 1907. \u00e1pr. 28.: jog\u00e1sz. \u2013 Erd\u0151szentgy\u00f6rgy\u00f6n temett\u00e9k el.1848-as 11. husz\u00e1rezredbeli hadnagy. Jogot v\u00e9gzett, \u00fcgyv\u00e9d, \u00e1llam \u00fcgy\u00e9sz (1867\u2013). Erd\u0151szentgy\u00f6rgy\u00f6n \u00e9lt. Irod.: csal\u00e1di inf. L\u00e9szai Ferenct\u0151l<\/p>\n","protected":false},"featured_media":0,"comment_status":"open","ping_status":"closed","template":"","meta":[],"product_brand":[],"product_cat":[137],"product_tag":[],"class_list":{"0":"post-16099","1":"product","2":"type-product","3":"status-publish","5":"product_cat-maros-megyei-eletrajzi-lexikon","7":"first","8":"instock","9":"shipping-taxable","10":"product-type-simple"},"_links":{"self":[{"href":"https:\/\/uj.adatbank.ro\/lexikon\/wp-json\/wp\/v2\/product\/16099","targetHints":{"allow":["GET"]}}],"collection":[{"href":"https:\/\/uj.adatbank.ro\/lexikon\/wp-json\/wp\/v2\/product"}],"about":[{"href":"https:\/\/uj.adatbank.ro\/lexikon\/wp-json\/wp\/v2\/types\/product"}],"replies":[{"embeddable":true,"href":"https:\/\/uj.adatbank.ro\/lexikon\/wp-json\/wp\/v2\/comments?post=16099"}],"wp:attachment":[{"href":"https:\/\/uj.adatbank.ro\/lexikon\/wp-json\/wp\/v2\/media?parent=16099"}],"wp:term":[{"taxonomy":"product_brand","embeddable":true,"href":"https:\/\/uj.adatbank.ro\/lexikon\/wp-json\/wp\/v2\/product_brand?post=16099"},{"taxonomy":"product_cat","embeddable":true,"href":"https:\/\/uj.adatbank.ro\/lexikon\/wp-json\/wp\/v2\/product_cat?post=16099"},{"taxonomy":"product_tag","embeddable":true,"href":"https:\/\/uj.adatbank.ro\/lexikon\/wp-json\/wp\/v2\/product_tag?post=16099"}],"curies":[{"name":"wp","href":"https:\/\/api.w.org\/{rel}","templated":true}]}}