{"id":1610,"date":"2025-06-28T11:47:32","date_gmt":"2025-06-28T09:47:32","guid":{"rendered":"https:\/\/uj.adatbank.ro\/lexikon\/termek\/adorjan-kalman-2\/"},"modified":"2025-06-28T11:47:32","modified_gmt":"2025-06-28T09:47:32","slug":"adorjan-kalman-2","status":"publish","type":"product","link":"https:\/\/uj.adatbank.ro\/lexikon\/termek\/adorjan-kalman-2\/","title":{"rendered":"ADORJ\u00c1N K\u00e1lm\u00e1n"},"content":{"rendered":"<p>1927, \u2020 Marosszentkir\u00e1ly, 2002. \u00e1pr. 9.: ref. lelk\u00e9sz. \u2013 A Mv. \u00e9s k\u00f6rny\u00e9ke CE-Sz\u00f6vet\u00e9g eln\u00f6ke, a Hit \u00e9s F\u00e9ny K\u00f6z\u00f6ss\u00e9g lelkip\u00e1sztora is. <br \/><strong>Irod.:<\/strong> [Nekrol\u00f3g] (N\u00fa., 2002., \u00e1pr 12).<\/br><\/p>\n","protected":false},"excerpt":{"rendered":"<p>1927, \u2020 Marosszentkir\u00e1ly, 2002. \u00e1pr. 9.: ref. lelk\u00e9sz. \u2013 A Mv. \u00e9s k\u00f6rny\u00e9ke CE-Sz\u00f6vet\u00e9g eln\u00f6ke, a Hit \u00e9s F\u00e9ny K\u00f6z\u00f6ss\u00e9g lelkip\u00e1sztora is. Irod.: [Nekrol\u00f3g] (N\u00fa., 2002., \u00e1pr 12).<\/p>\n","protected":false},"featured_media":0,"comment_status":"open","ping_status":"closed","template":"","meta":[],"product_brand":[],"product_cat":[137],"product_tag":[],"class_list":{"0":"post-1610","1":"product","2":"type-product","3":"status-publish","5":"product_cat-maros-megyei-eletrajzi-lexikon","7":"first","8":"instock","9":"shipping-taxable","10":"product-type-simple"},"_links":{"self":[{"href":"https:\/\/uj.adatbank.ro\/lexikon\/wp-json\/wp\/v2\/product\/1610","targetHints":{"allow":["GET"]}}],"collection":[{"href":"https:\/\/uj.adatbank.ro\/lexikon\/wp-json\/wp\/v2\/product"}],"about":[{"href":"https:\/\/uj.adatbank.ro\/lexikon\/wp-json\/wp\/v2\/types\/product"}],"replies":[{"embeddable":true,"href":"https:\/\/uj.adatbank.ro\/lexikon\/wp-json\/wp\/v2\/comments?post=1610"}],"wp:attachment":[{"href":"https:\/\/uj.adatbank.ro\/lexikon\/wp-json\/wp\/v2\/media?parent=1610"}],"wp:term":[{"taxonomy":"product_brand","embeddable":true,"href":"https:\/\/uj.adatbank.ro\/lexikon\/wp-json\/wp\/v2\/product_brand?post=1610"},{"taxonomy":"product_cat","embeddable":true,"href":"https:\/\/uj.adatbank.ro\/lexikon\/wp-json\/wp\/v2\/product_cat?post=1610"},{"taxonomy":"product_tag","embeddable":true,"href":"https:\/\/uj.adatbank.ro\/lexikon\/wp-json\/wp\/v2\/product_tag?post=1610"}],"curies":[{"name":"wp","href":"https:\/\/api.w.org\/{rel}","templated":true}]}}