{"id":16101,"date":"2025-07-15T16:04:57","date_gmt":"2025-07-15T14:04:57","guid":{"rendered":"https:\/\/uj.adatbank.ro\/lexikon\/termek\/nagy-domokos\/"},"modified":"2025-07-15T16:04:57","modified_gmt":"2025-07-15T14:04:57","slug":"nagy-domokos","status":"publish","type":"product","link":"https:\/\/uj.adatbank.ro\/lexikon\/termek\/nagy-domokos\/","title":{"rendered":"NAGY Domokos"},"content":{"rendered":"<p>? \u2020 ?: ?. \u2013 Nagy M\u00f3zes \u00e9s Biki R\u00e1chel fia. Testv\u00e9rei: Anna Csekme J\u00e1nosn\u00e9; Feles\u00e9ge: Ambrus M\u00e1ria (1856-Mv., 1879. j\u00fal. 30.). Gyermek\u00fck: Domokos. <br \/><strong>Irod.:<\/strong> Gy\u00e1szjelent\u0151<\/br><\/p>\n","protected":false},"excerpt":{"rendered":"<p>? \u2020 ?: ?. \u2013 Nagy M\u00f3zes \u00e9s Biki R\u00e1chel fia. Testv\u00e9rei: Anna Csekme J\u00e1nosn\u00e9; Feles\u00e9ge: Ambrus M\u00e1ria (1856-Mv., 1879. j\u00fal. 30.). Gyermek\u00fck: Domokos. Irod.: Gy\u00e1szjelent\u0151<\/p>\n","protected":false},"featured_media":0,"comment_status":"open","ping_status":"closed","template":"","meta":[],"product_brand":[],"product_cat":[137],"product_tag":[],"class_list":{"0":"post-16101","1":"product","2":"type-product","3":"status-publish","5":"product_cat-maros-megyei-eletrajzi-lexikon","7":"first","8":"instock","9":"shipping-taxable","10":"product-type-simple"},"_links":{"self":[{"href":"https:\/\/uj.adatbank.ro\/lexikon\/wp-json\/wp\/v2\/product\/16101","targetHints":{"allow":["GET"]}}],"collection":[{"href":"https:\/\/uj.adatbank.ro\/lexikon\/wp-json\/wp\/v2\/product"}],"about":[{"href":"https:\/\/uj.adatbank.ro\/lexikon\/wp-json\/wp\/v2\/types\/product"}],"replies":[{"embeddable":true,"href":"https:\/\/uj.adatbank.ro\/lexikon\/wp-json\/wp\/v2\/comments?post=16101"}],"wp:attachment":[{"href":"https:\/\/uj.adatbank.ro\/lexikon\/wp-json\/wp\/v2\/media?parent=16101"}],"wp:term":[{"taxonomy":"product_brand","embeddable":true,"href":"https:\/\/uj.adatbank.ro\/lexikon\/wp-json\/wp\/v2\/product_brand?post=16101"},{"taxonomy":"product_cat","embeddable":true,"href":"https:\/\/uj.adatbank.ro\/lexikon\/wp-json\/wp\/v2\/product_cat?post=16101"},{"taxonomy":"product_tag","embeddable":true,"href":"https:\/\/uj.adatbank.ro\/lexikon\/wp-json\/wp\/v2\/product_tag?post=16101"}],"curies":[{"name":"wp","href":"https:\/\/api.w.org\/{rel}","templated":true}]}}