{"id":16103,"date":"2025-07-15T16:05:02","date_gmt":"2025-07-15T14:05:02","guid":{"rendered":"https:\/\/uj.adatbank.ro\/lexikon\/termek\/nagy-domokos-3\/"},"modified":"2025-07-15T16:05:02","modified_gmt":"2025-07-15T14:05:02","slug":"nagy-domokos-3","status":"publish","type":"product","link":"https:\/\/uj.adatbank.ro\/lexikon\/termek\/nagy-domokos-3\/","title":{"rendered":"NAGY Domokos"},"content":{"rendered":"<p>? \u2020 ?: ref. lelk\u00e9sz. \u2013 Sz\u00e9kelyb\u0151ben volt lelkip\u00e1sztor (1919. m\u00e1j.9. \u2013 1932 ). Az \u0151 szolg\u00e1lata ideje alatt \u00e9p\u00edtett\u00e9k fel k\u00f6zadakoz\u00e1sb\u00f3l a ref. templomot \u00e9s megv\u00e1s\u00e1roltak egy harangot is (1920\u201321; 1924), a leromlott papilakot is fel\u00faj\u00edtott\u00e1k. A vall\u00e1sos \u00e9let viszont nagyon meglazul, ez\u00e9rt az egyh\u00e1zb\u00edr\u00f3s\u00e1g felf\u00fcggesztette \u00e1ll\u00e1s\u00e1b\u00f3l(1931). <br \/><strong>Irod.:<\/strong> Papp-Szente<\/br><\/p>\n","protected":false},"excerpt":{"rendered":"<p>? \u2020 ?: ref. lelk\u00e9sz. \u2013 Sz\u00e9kelyb\u0151ben volt lelkip\u00e1sztor (1919. m\u00e1j.9. \u2013 1932 ). Az \u0151 szolg\u00e1lata ideje alatt \u00e9p\u00edtett\u00e9k fel k\u00f6zadakoz\u00e1sb\u00f3l a ref. templomot \u00e9s megv\u00e1s\u00e1roltak egy harangot is (1920\u201321; 1924), a leromlott papilakot is fel\u00faj\u00edtott\u00e1k. A vall\u00e1sos \u00e9let viszont nagyon meglazul, ez\u00e9rt az egyh\u00e1zb\u00edr\u00f3s\u00e1g felf\u00fcggesztette \u00e1ll\u00e1s\u00e1b\u00f3l(1931). Irod.: Papp-Szente<\/p>\n","protected":false},"featured_media":0,"comment_status":"open","ping_status":"closed","template":"","meta":[],"product_brand":[],"product_cat":[137],"product_tag":[],"class_list":{"0":"post-16103","1":"product","2":"type-product","3":"status-publish","5":"product_cat-maros-megyei-eletrajzi-lexikon","7":"first","8":"instock","9":"shipping-taxable","10":"product-type-simple"},"_links":{"self":[{"href":"https:\/\/uj.adatbank.ro\/lexikon\/wp-json\/wp\/v2\/product\/16103","targetHints":{"allow":["GET"]}}],"collection":[{"href":"https:\/\/uj.adatbank.ro\/lexikon\/wp-json\/wp\/v2\/product"}],"about":[{"href":"https:\/\/uj.adatbank.ro\/lexikon\/wp-json\/wp\/v2\/types\/product"}],"replies":[{"embeddable":true,"href":"https:\/\/uj.adatbank.ro\/lexikon\/wp-json\/wp\/v2\/comments?post=16103"}],"wp:attachment":[{"href":"https:\/\/uj.adatbank.ro\/lexikon\/wp-json\/wp\/v2\/media?parent=16103"}],"wp:term":[{"taxonomy":"product_brand","embeddable":true,"href":"https:\/\/uj.adatbank.ro\/lexikon\/wp-json\/wp\/v2\/product_brand?post=16103"},{"taxonomy":"product_cat","embeddable":true,"href":"https:\/\/uj.adatbank.ro\/lexikon\/wp-json\/wp\/v2\/product_cat?post=16103"},{"taxonomy":"product_tag","embeddable":true,"href":"https:\/\/uj.adatbank.ro\/lexikon\/wp-json\/wp\/v2\/product_tag?post=16103"}],"curies":[{"name":"wp","href":"https:\/\/api.w.org\/{rel}","templated":true}]}}