{"id":16107,"date":"2025-07-15T16:05:08","date_gmt":"2025-07-15T14:05:08","guid":{"rendered":"https:\/\/uj.adatbank.ro\/lexikon\/termek\/nagy-domokos-%c2%a7\/"},"modified":"2025-07-15T16:05:08","modified_gmt":"2025-07-15T14:05:08","slug":"nagy-domokos-%c2%a7","status":"publish","type":"product","link":"https:\/\/uj.adatbank.ro\/lexikon\/termek\/nagy-domokos-%c2%a7\/","title":{"rendered":"NAGY Domokos, \u00a7"},"content":{"rendered":"<p>Ny\u00e1r\u00e1dszentbenedek, 1878., \u2020 Ny\u00e1r\u00e1dszentbenedek, 1956.: katona. \u2013 R\u00e9szt vett az I. vh.-ban, orosz fogs\u00e1gban t\u00f6lt\u00f6tt hat \u00e9vet (1920-ig). A szib\u00e9riai fogs\u00e1ga alatti id\u0151szakban napl\u00f3t vezetett, jegyzeteit n\u00e9met ford\u00edt\u00e1sban is r\u00f6gz\u00edtette. <br \/><strong>Irod.:<\/strong> Ny\u00e1r\u00e1dszentbenedek<\/br><\/p>\n","protected":false},"excerpt":{"rendered":"<p>Ny\u00e1r\u00e1dszentbenedek, 1878., \u2020 Ny\u00e1r\u00e1dszentbenedek, 1956.: katona. \u2013 R\u00e9szt vett az I. vh.-ban, orosz fogs\u00e1gban t\u00f6lt\u00f6tt hat \u00e9vet (1920-ig). A szib\u00e9riai fogs\u00e1ga alatti id\u0151szakban napl\u00f3t vezetett, jegyzeteit n\u00e9met ford\u00edt\u00e1sban is r\u00f6gz\u00edtette. Irod.: Ny\u00e1r\u00e1dszentbenedek<\/p>\n","protected":false},"featured_media":0,"comment_status":"open","ping_status":"closed","template":"","meta":[],"product_brand":[],"product_cat":[137],"product_tag":[],"class_list":{"0":"post-16107","1":"product","2":"type-product","3":"status-publish","5":"product_cat-maros-megyei-eletrajzi-lexikon","7":"first","8":"instock","9":"shipping-taxable","10":"product-type-simple"},"_links":{"self":[{"href":"https:\/\/uj.adatbank.ro\/lexikon\/wp-json\/wp\/v2\/product\/16107","targetHints":{"allow":["GET"]}}],"collection":[{"href":"https:\/\/uj.adatbank.ro\/lexikon\/wp-json\/wp\/v2\/product"}],"about":[{"href":"https:\/\/uj.adatbank.ro\/lexikon\/wp-json\/wp\/v2\/types\/product"}],"replies":[{"embeddable":true,"href":"https:\/\/uj.adatbank.ro\/lexikon\/wp-json\/wp\/v2\/comments?post=16107"}],"wp:attachment":[{"href":"https:\/\/uj.adatbank.ro\/lexikon\/wp-json\/wp\/v2\/media?parent=16107"}],"wp:term":[{"taxonomy":"product_brand","embeddable":true,"href":"https:\/\/uj.adatbank.ro\/lexikon\/wp-json\/wp\/v2\/product_brand?post=16107"},{"taxonomy":"product_cat","embeddable":true,"href":"https:\/\/uj.adatbank.ro\/lexikon\/wp-json\/wp\/v2\/product_cat?post=16107"},{"taxonomy":"product_tag","embeddable":true,"href":"https:\/\/uj.adatbank.ro\/lexikon\/wp-json\/wp\/v2\/product_tag?post=16107"}],"curies":[{"name":"wp","href":"https:\/\/api.w.org\/{rel}","templated":true}]}}