{"id":1611,"date":"2025-06-28T11:47:36","date_gmt":"2025-06-28T09:47:36","guid":{"rendered":"https:\/\/uj.adatbank.ro\/lexikon\/termek\/adorjan-lajos\/"},"modified":"2025-06-28T11:47:36","modified_gmt":"2025-06-28T09:47:36","slug":"adorjan-lajos","status":"publish","type":"product","link":"https:\/\/uj.adatbank.ro\/lexikon\/termek\/adorjan-lajos\/","title":{"rendered":"ADORJ\u00c1N Lajos"},"content":{"rendered":"<p>Ikland, 1869.,\u2020 P\u00f3ka, 1943.: ref. lelk\u00e9sz, tan\u00e1r. \u2013 Tanulm\u00e1nyait Mv-en, Nagyszebenben, Kv.-on folytatta, majd Bp.-en m.-latin szakos diplom\u00e1t szerzett (1900). Ideiglenes tan\u00e1r a mv.-i Ref. Koll.-ban (1896\u201397). Lelk\u00e9sz Sz\u00e9kelyb\u0151n (1903-08), Iklandon, P\u00f3k\u00e1ban (1909. \u00e1pr.13\u20131943. jan.12.). A p\u00f3kai egyh\u00e1zk\u00f6zs\u00e9gnek kis harangot adom\u00e1nyozott (1931).\u00a0Szolg\u00e1lata ideje alatt \u00e9p\u00fclt fel az \u00faj ref. elemi n\u00e9piskola (haszn\u00e1latba adt\u00e1k 1933. okt. 29.) \u00e9s kezd\u0151d\u00f6tt meg a templom alapjainak ki\u00e1s\u00e1sa (1932. aug. 29.), de az \u00faj templom csak Farkas Ferenc lelk\u00e9sz idej\u00e9ben (1945. j\u00fal.12\u20131964) \u00e9p\u00fclt fel a papi lak\u00e1ssal egy\u00fctt (1945\u201348). Fellend\u00edtette a falu m\u0171vel\u0151d\u00e9si \u00e9let\u00e9t (dal\u00e1rda, sz\u00ednj\u00e1tsz\u00e1s), a rendezv\u00e9nyek j\u00f6vedelm\u00e9t mind a templom\u00e9p\u00edt\u00e9s jav\u00e1ra ford\u00edtott\u00e1k. A MP helyi eln\u00f6ke, hazafias egyes\u00fcletek t\u00e1mogat\u00f3ja. Magyars\u00e1ga miatt \u00fcld\u00f6zt\u00e9k, lak\u00e1s\u00e1b\u00f3l huzamosabb ideig nem volt szabad elt\u00e1voznia. K\u00f6z\u00e9leti munk\u00e1t v\u00e9gzett (1911\u2013). A Hangya sz\u00f6vetkezet eln\u00f6ke (1911\u2013), gazdak\u00f6ri eln\u00f6k (1914\u2013), tagja volt a Mv.-i K\u00f6zhaszn\u00fa Takar\u00e9kp\u00e9nzt\u00e1r R\u00e9szv\u00e9nyt\u00e1rsas\u00e1g igazgat\u00f3s\u00e1g\u00e1nak. K\u00f6zlem\u00e9nye: Visszapillant\u00e1s az 1848. XX. T\u00f6rv\u00e9nycikkre. <br \/><strong>Irod.:<\/strong> Cs\u00e1ky; Mv. t\u00f6rt. 2.; Papp.-Szente; P\u00f3ka; Sz\u00e9kelyf\u00f6ld \u00ed. k.; Sz\u00f6ll\u0151si \u00c1rp\u00e1d: \u00d6tven\u00e9ves templomszentel\u00e9si megeml\u00e9kez\u00e9s P\u00f3k\u00e1ban (N\u00fa.,1998. okt. 30.)<\/br><\/p>\n","protected":false},"excerpt":{"rendered":"<p>Ikland, 1869.,\u2020 P\u00f3ka, 1943.: ref. lelk\u00e9sz, tan\u00e1r. \u2013 Tanulm\u00e1nyait Mv-en, Nagyszebenben, Kv.-on folytatta, majd Bp.-en m.-latin szakos diplom\u00e1t szerzett (1900). Ideiglenes tan\u00e1r a mv.-i Ref. Koll.-ban (1896\u201397). Lelk\u00e9sz Sz\u00e9kelyb\u0151n (1903-08), Iklandon, P\u00f3k\u00e1ban (1909. \u00e1pr.13\u20131943. jan.12.). A p\u00f3kai egyh\u00e1zk\u00f6zs\u00e9gnek kis harangot adom\u00e1nyozott (1931).\u00a0Szolg\u00e1lata ideje alatt \u00e9p\u00fclt fel az \u00faj ref. elemi n\u00e9piskola (haszn\u00e1latba adt\u00e1k 1933. okt. [&hellip;]<\/p>\n","protected":false},"featured_media":0,"comment_status":"open","ping_status":"closed","template":"","meta":[],"product_brand":[],"product_cat":[137],"product_tag":[],"class_list":{"0":"post-1611","1":"product","2":"type-product","3":"status-publish","5":"product_cat-maros-megyei-eletrajzi-lexikon","7":"first","8":"instock","9":"shipping-taxable","10":"product-type-simple"},"_links":{"self":[{"href":"https:\/\/uj.adatbank.ro\/lexikon\/wp-json\/wp\/v2\/product\/1611","targetHints":{"allow":["GET"]}}],"collection":[{"href":"https:\/\/uj.adatbank.ro\/lexikon\/wp-json\/wp\/v2\/product"}],"about":[{"href":"https:\/\/uj.adatbank.ro\/lexikon\/wp-json\/wp\/v2\/types\/product"}],"replies":[{"embeddable":true,"href":"https:\/\/uj.adatbank.ro\/lexikon\/wp-json\/wp\/v2\/comments?post=1611"}],"wp:attachment":[{"href":"https:\/\/uj.adatbank.ro\/lexikon\/wp-json\/wp\/v2\/media?parent=1611"}],"wp:term":[{"taxonomy":"product_brand","embeddable":true,"href":"https:\/\/uj.adatbank.ro\/lexikon\/wp-json\/wp\/v2\/product_brand?post=1611"},{"taxonomy":"product_cat","embeddable":true,"href":"https:\/\/uj.adatbank.ro\/lexikon\/wp-json\/wp\/v2\/product_cat?post=1611"},{"taxonomy":"product_tag","embeddable":true,"href":"https:\/\/uj.adatbank.ro\/lexikon\/wp-json\/wp\/v2\/product_tag?post=1611"}],"curies":[{"name":"wp","href":"https:\/\/api.w.org\/{rel}","templated":true}]}}