{"id":16112,"date":"2025-07-15T16:05:20","date_gmt":"2025-07-15T14:05:20","guid":{"rendered":"https:\/\/uj.adatbank.ro\/lexikon\/termek\/nagy-elek-3\/"},"modified":"2025-07-15T16:05:20","modified_gmt":"2025-07-15T14:05:20","slug":"nagy-elek-3","status":"publish","type":"product","link":"https:\/\/uj.adatbank.ro\/lexikon\/termek\/nagy-elek-3\/","title":{"rendered":"NAGY Elek"},"content":{"rendered":"<p>1913 ? mez\u0151bergenyei birtokos, a k\u00fari\u00e1jukat a kisaj\u00e1t\u00edt\u00e1s ut\u00e1n a gy\u00fcm\u00f6lcstermeszt\u00e9sre szakosodott \u00e1llami gazdas\u00e1g haszn\u00e1lta, majd iskol\u00e1v\u00e1 alak\u00edtott\u00e1k (1987\u2013), a m\u0171vel\u0151d\u00e9si h\u00e1zat is a t\u0151le elvett ter\u00fcletre \u00e9p\u00edtett\u00e9k. <br \/><strong>Irod.:<\/strong> Berekm\u00e9ri, Sepsisz\u00e9ki<\/br><\/p>\n","protected":false},"excerpt":{"rendered":"<p>1913 ? mez\u0151bergenyei birtokos, a k\u00fari\u00e1jukat a kisaj\u00e1t\u00edt\u00e1s ut\u00e1n a gy\u00fcm\u00f6lcstermeszt\u00e9sre szakosodott \u00e1llami gazdas\u00e1g haszn\u00e1lta, majd iskol\u00e1v\u00e1 alak\u00edtott\u00e1k (1987\u2013), a m\u0171vel\u0151d\u00e9si h\u00e1zat is a t\u0151le elvett ter\u00fcletre \u00e9p\u00edtett\u00e9k. Irod.: Berekm\u00e9ri, Sepsisz\u00e9ki<\/p>\n","protected":false},"featured_media":0,"comment_status":"open","ping_status":"closed","template":"","meta":[],"product_brand":[],"product_cat":[137],"product_tag":[],"class_list":{"0":"post-16112","1":"product","2":"type-product","3":"status-publish","5":"product_cat-maros-megyei-eletrajzi-lexikon","7":"first","8":"instock","9":"shipping-taxable","10":"product-type-simple"},"_links":{"self":[{"href":"https:\/\/uj.adatbank.ro\/lexikon\/wp-json\/wp\/v2\/product\/16112","targetHints":{"allow":["GET"]}}],"collection":[{"href":"https:\/\/uj.adatbank.ro\/lexikon\/wp-json\/wp\/v2\/product"}],"about":[{"href":"https:\/\/uj.adatbank.ro\/lexikon\/wp-json\/wp\/v2\/types\/product"}],"replies":[{"embeddable":true,"href":"https:\/\/uj.adatbank.ro\/lexikon\/wp-json\/wp\/v2\/comments?post=16112"}],"wp:attachment":[{"href":"https:\/\/uj.adatbank.ro\/lexikon\/wp-json\/wp\/v2\/media?parent=16112"}],"wp:term":[{"taxonomy":"product_brand","embeddable":true,"href":"https:\/\/uj.adatbank.ro\/lexikon\/wp-json\/wp\/v2\/product_brand?post=16112"},{"taxonomy":"product_cat","embeddable":true,"href":"https:\/\/uj.adatbank.ro\/lexikon\/wp-json\/wp\/v2\/product_cat?post=16112"},{"taxonomy":"product_tag","embeddable":true,"href":"https:\/\/uj.adatbank.ro\/lexikon\/wp-json\/wp\/v2\/product_tag?post=16112"}],"curies":[{"name":"wp","href":"https:\/\/api.w.org\/{rel}","templated":true}]}}