{"id":16113,"date":"2025-07-15T16:05:22","date_gmt":"2025-07-15T14:05:22","guid":{"rendered":"https:\/\/uj.adatbank.ro\/lexikon\/termek\/nagy-elek-4\/"},"modified":"2025-07-15T16:05:22","modified_gmt":"2025-07-15T14:05:22","slug":"nagy-elek-4","status":"publish","type":"product","link":"https:\/\/uj.adatbank.ro\/lexikon\/termek\/nagy-elek-4\/","title":{"rendered":"NAGY Elek"},"content":{"rendered":"<p>? \u2020 ?: havadt\u0151i birtokos. \u2013 K\u00f6z\u00e9piskol\u00e1t v\u00e9gzett a sz\u00e9kelykereszt\u00fari unit. gimn.-ban. R\u00e9szt vett az els\u0151 vh.-ban (1914\u201318) mint \u0151rmester, csatlakozott a sz\u00e9kely hadoszt\u00e1lyhoz, fogs\u00e1gba esett, megsz\u00f6k\u00f6tt de elfogt\u00e1k D\u00e9v\u00e1ra majd Szebenbe vitt\u00e9k, ahol had b\u00edr\u00f3s\u00e1g el\u00e9 \u00e1ll\u00edtott\u00e1k. A MP helyi tagozat\u00e1nak titk\u00e1ra \u00e9s alap\u00edt\u00e1s\u00e1t\u00f3l tagja volt. <br \/><strong>Irod.:<\/strong> Visnai<\/br><\/p>\n","protected":false},"excerpt":{"rendered":"<p>? \u2020 ?: havadt\u0151i birtokos. \u2013 K\u00f6z\u00e9piskol\u00e1t v\u00e9gzett a sz\u00e9kelykereszt\u00fari unit. gimn.-ban. R\u00e9szt vett az els\u0151 vh.-ban (1914\u201318) mint \u0151rmester, csatlakozott a sz\u00e9kely hadoszt\u00e1lyhoz, fogs\u00e1gba esett, megsz\u00f6k\u00f6tt de elfogt\u00e1k D\u00e9v\u00e1ra majd Szebenbe vitt\u00e9k, ahol had b\u00edr\u00f3s\u00e1g el\u00e9 \u00e1ll\u00edtott\u00e1k. A MP helyi tagozat\u00e1nak titk\u00e1ra \u00e9s alap\u00edt\u00e1s\u00e1t\u00f3l tagja volt. Irod.: Visnai<\/p>\n","protected":false},"featured_media":0,"comment_status":"open","ping_status":"closed","template":"","meta":[],"product_brand":[],"product_cat":[137],"product_tag":[],"class_list":{"0":"post-16113","1":"product","2":"type-product","3":"status-publish","5":"product_cat-maros-megyei-eletrajzi-lexikon","7":"first","8":"instock","9":"shipping-taxable","10":"product-type-simple"},"_links":{"self":[{"href":"https:\/\/uj.adatbank.ro\/lexikon\/wp-json\/wp\/v2\/product\/16113","targetHints":{"allow":["GET"]}}],"collection":[{"href":"https:\/\/uj.adatbank.ro\/lexikon\/wp-json\/wp\/v2\/product"}],"about":[{"href":"https:\/\/uj.adatbank.ro\/lexikon\/wp-json\/wp\/v2\/types\/product"}],"replies":[{"embeddable":true,"href":"https:\/\/uj.adatbank.ro\/lexikon\/wp-json\/wp\/v2\/comments?post=16113"}],"wp:attachment":[{"href":"https:\/\/uj.adatbank.ro\/lexikon\/wp-json\/wp\/v2\/media?parent=16113"}],"wp:term":[{"taxonomy":"product_brand","embeddable":true,"href":"https:\/\/uj.adatbank.ro\/lexikon\/wp-json\/wp\/v2\/product_brand?post=16113"},{"taxonomy":"product_cat","embeddable":true,"href":"https:\/\/uj.adatbank.ro\/lexikon\/wp-json\/wp\/v2\/product_cat?post=16113"},{"taxonomy":"product_tag","embeddable":true,"href":"https:\/\/uj.adatbank.ro\/lexikon\/wp-json\/wp\/v2\/product_tag?post=16113"}],"curies":[{"name":"wp","href":"https:\/\/api.w.org\/{rel}","templated":true}]}}