{"id":16115,"date":"2025-07-15T16:05:27","date_gmt":"2025-07-15T14:05:27","guid":{"rendered":"https:\/\/uj.adatbank.ro\/lexikon\/termek\/nagy-elek-csikmindszenti\/"},"modified":"2025-07-15T16:05:27","modified_gmt":"2025-07-15T14:05:27","slug":"nagy-elek-csikmindszenti","status":"publish","type":"product","link":"https:\/\/uj.adatbank.ro\/lexikon\/termek\/nagy-elek-csikmindszenti\/","title":{"rendered":"NAGY Elek, cs\u00edkmindszenti"},"content":{"rendered":"<p>Marosbog\u00e1t, 1885., \u2020 Mv., 1933. \u00e1pr. 8.: \u00fcgyv\u00e9d. \u2013 Hidalm\u00e1son volt \u00fcgyv\u00e9d. R\u00e9szt vett az I. vh.-ban (1915\u2013). <br \/><strong>Irod.:<\/strong> Erd\u00e9lyi ezredek; Gy\u00e1szjelent.<\/br><\/p>\n","protected":false},"excerpt":{"rendered":"<p>Marosbog\u00e1t, 1885., \u2020 Mv., 1933. \u00e1pr. 8.: \u00fcgyv\u00e9d. \u2013 Hidalm\u00e1son volt \u00fcgyv\u00e9d. R\u00e9szt vett az I. vh.-ban (1915\u2013). Irod.: Erd\u00e9lyi ezredek; Gy\u00e1szjelent.<\/p>\n","protected":false},"featured_media":0,"comment_status":"open","ping_status":"closed","template":"","meta":[],"product_brand":[],"product_cat":[137],"product_tag":[],"class_list":{"0":"post-16115","1":"product","2":"type-product","3":"status-publish","5":"product_cat-maros-megyei-eletrajzi-lexikon","7":"first","8":"instock","9":"shipping-taxable","10":"product-type-simple"},"_links":{"self":[{"href":"https:\/\/uj.adatbank.ro\/lexikon\/wp-json\/wp\/v2\/product\/16115","targetHints":{"allow":["GET"]}}],"collection":[{"href":"https:\/\/uj.adatbank.ro\/lexikon\/wp-json\/wp\/v2\/product"}],"about":[{"href":"https:\/\/uj.adatbank.ro\/lexikon\/wp-json\/wp\/v2\/types\/product"}],"replies":[{"embeddable":true,"href":"https:\/\/uj.adatbank.ro\/lexikon\/wp-json\/wp\/v2\/comments?post=16115"}],"wp:attachment":[{"href":"https:\/\/uj.adatbank.ro\/lexikon\/wp-json\/wp\/v2\/media?parent=16115"}],"wp:term":[{"taxonomy":"product_brand","embeddable":true,"href":"https:\/\/uj.adatbank.ro\/lexikon\/wp-json\/wp\/v2\/product_brand?post=16115"},{"taxonomy":"product_cat","embeddable":true,"href":"https:\/\/uj.adatbank.ro\/lexikon\/wp-json\/wp\/v2\/product_cat?post=16115"},{"taxonomy":"product_tag","embeddable":true,"href":"https:\/\/uj.adatbank.ro\/lexikon\/wp-json\/wp\/v2\/product_tag?post=16115"}],"curies":[{"name":"wp","href":"https:\/\/api.w.org\/{rel}","templated":true}]}}