{"id":16116,"date":"2025-07-15T16:05:29","date_gmt":"2025-07-15T14:05:29","guid":{"rendered":"https:\/\/uj.adatbank.ro\/lexikon\/termek\/nagy-elek-etfalvi\/"},"modified":"2025-07-15T16:05:29","modified_gmt":"2025-07-15T14:05:29","slug":"nagy-elek-etfalvi","status":"publish","type":"product","link":"https:\/\/uj.adatbank.ro\/lexikon\/termek\/nagy-elek-etfalvi\/","title":{"rendered":"NAGY Elek, \u00e9tfalvi"},"content":{"rendered":"<p>1821., \u2020 Mv., 1911. okt. 24.: honv\u00e9d. \u2013 1848\u201349. honv\u00e9d. \u2013 Gyermekei: Nagy Roz\u00e1lia, m\u00e1rkusfalvi Orb\u00e1n Albertn\u00e9, \u00e9tfalvi N. Ilona havadi D\u00f3sa Elekn\u00e9. <br \/><strong>Irod.:<\/strong> Gy\u00e1szjelent\u0151<\/br><\/p>\n","protected":false},"excerpt":{"rendered":"<p>1821., \u2020 Mv., 1911. okt. 24.: honv\u00e9d. \u2013 1848\u201349. honv\u00e9d. \u2013 Gyermekei: Nagy Roz\u00e1lia, m\u00e1rkusfalvi Orb\u00e1n Albertn\u00e9, \u00e9tfalvi N. Ilona havadi D\u00f3sa Elekn\u00e9. Irod.: Gy\u00e1szjelent\u0151<\/p>\n","protected":false},"featured_media":0,"comment_status":"open","ping_status":"closed","template":"","meta":[],"product_brand":[],"product_cat":[137],"product_tag":[],"class_list":{"0":"post-16116","1":"product","2":"type-product","3":"status-publish","5":"product_cat-maros-megyei-eletrajzi-lexikon","7":"first","8":"instock","9":"shipping-taxable","10":"product-type-simple"},"_links":{"self":[{"href":"https:\/\/uj.adatbank.ro\/lexikon\/wp-json\/wp\/v2\/product\/16116","targetHints":{"allow":["GET"]}}],"collection":[{"href":"https:\/\/uj.adatbank.ro\/lexikon\/wp-json\/wp\/v2\/product"}],"about":[{"href":"https:\/\/uj.adatbank.ro\/lexikon\/wp-json\/wp\/v2\/types\/product"}],"replies":[{"embeddable":true,"href":"https:\/\/uj.adatbank.ro\/lexikon\/wp-json\/wp\/v2\/comments?post=16116"}],"wp:attachment":[{"href":"https:\/\/uj.adatbank.ro\/lexikon\/wp-json\/wp\/v2\/media?parent=16116"}],"wp:term":[{"taxonomy":"product_brand","embeddable":true,"href":"https:\/\/uj.adatbank.ro\/lexikon\/wp-json\/wp\/v2\/product_brand?post=16116"},{"taxonomy":"product_cat","embeddable":true,"href":"https:\/\/uj.adatbank.ro\/lexikon\/wp-json\/wp\/v2\/product_cat?post=16116"},{"taxonomy":"product_tag","embeddable":true,"href":"https:\/\/uj.adatbank.ro\/lexikon\/wp-json\/wp\/v2\/product_tag?post=16116"}],"curies":[{"name":"wp","href":"https:\/\/api.w.org\/{rel}","templated":true}]}}