{"id":16117,"date":"2025-07-15T16:05:30","date_gmt":"2025-07-15T14:05:30","guid":{"rendered":"https:\/\/uj.adatbank.ro\/lexikon\/termek\/nagy-elek-kaali\/"},"modified":"2025-07-15T16:05:30","modified_gmt":"2025-07-15T14:05:30","slug":"nagy-elek-kaali","status":"publish","type":"product","link":"https:\/\/uj.adatbank.ro\/lexikon\/termek\/nagy-elek-kaali\/","title":{"rendered":"NAGY Elek, ka\u00e1li"},"content":{"rendered":"<p>1816. jan. 13. \u2020 1878. jan. 7.: k\u00e9pvisel\u0151, f\u0151korm\u00e1nysz\u00e9ki tan\u00e1csos. \u2013 Nagy L\u00e1z\u00e1r \u00e9s P\u00e1pai Erzs\u00e9bet fia. Feles\u00e9ge Ged\u0151 Ter\u00e9z (1838\u2013). Le\u00e1nyaik: gr. Bethlen G\u00e9z\u00e1n\u00e9, br. Kem\u00e9ny \u00d6d\u00f6nn\u00e9, Feles\u00e9ge ut\u00e1n lett szentmih\u00e1lyfalvi birtokos. \u2013 Jogot v\u00e9gzett (1834). Felesk\u00fcd\u00f6tt a kir. t\u00e1bl\u00e1ra, a f\u0151korm\u00e1nysz\u00e9khez tartozott. Kolozs megye f\u0151jegyz\u0151je. Abrudb\u00e1nya k\u00f6vete az erd\u00e9lyi ogy.-en (1841\u201342) \u00e9s Kolozsmegye k\u00f6vete (1846\u201347). F\u0151korm\u00e1nysz\u00e9ki tan\u00e1csos (1865\u201372). Az unit. egyh\u00e1z t\u00e1mogat\u00f3ja, consistor (1838\u2013). Az unit. egyh\u00e1z f\u0151gondnoka hal\u00e1l\u00e1ig (1854. j\u00fal. 4.\u2013). <br \/><strong>Irod.:<\/strong> K\u0151v\u00e1ry L\u00e1szl\u00f3 1899<\/br><\/p>\n","protected":false},"excerpt":{"rendered":"<p>1816. jan. 13. \u2020 1878. jan. 7.: k\u00e9pvisel\u0151, f\u0151korm\u00e1nysz\u00e9ki tan\u00e1csos. \u2013 Nagy L\u00e1z\u00e1r \u00e9s P\u00e1pai Erzs\u00e9bet fia. Feles\u00e9ge Ged\u0151 Ter\u00e9z (1838\u2013). Le\u00e1nyaik: gr. Bethlen G\u00e9z\u00e1n\u00e9, br. Kem\u00e9ny \u00d6d\u00f6nn\u00e9, Feles\u00e9ge ut\u00e1n lett szentmih\u00e1lyfalvi birtokos. \u2013 Jogot v\u00e9gzett (1834). Felesk\u00fcd\u00f6tt a kir. t\u00e1bl\u00e1ra, a f\u0151korm\u00e1nysz\u00e9khez tartozott. Kolozs megye f\u0151jegyz\u0151je. Abrudb\u00e1nya k\u00f6vete az erd\u00e9lyi ogy.-en (1841\u201342) \u00e9s Kolozsmegye [&hellip;]<\/p>\n","protected":false},"featured_media":0,"comment_status":"open","ping_status":"closed","template":"","meta":[],"product_brand":[],"product_cat":[137],"product_tag":[],"class_list":{"0":"post-16117","1":"product","2":"type-product","3":"status-publish","5":"product_cat-maros-megyei-eletrajzi-lexikon","7":"first","8":"instock","9":"shipping-taxable","10":"product-type-simple"},"_links":{"self":[{"href":"https:\/\/uj.adatbank.ro\/lexikon\/wp-json\/wp\/v2\/product\/16117","targetHints":{"allow":["GET"]}}],"collection":[{"href":"https:\/\/uj.adatbank.ro\/lexikon\/wp-json\/wp\/v2\/product"}],"about":[{"href":"https:\/\/uj.adatbank.ro\/lexikon\/wp-json\/wp\/v2\/types\/product"}],"replies":[{"embeddable":true,"href":"https:\/\/uj.adatbank.ro\/lexikon\/wp-json\/wp\/v2\/comments?post=16117"}],"wp:attachment":[{"href":"https:\/\/uj.adatbank.ro\/lexikon\/wp-json\/wp\/v2\/media?parent=16117"}],"wp:term":[{"taxonomy":"product_brand","embeddable":true,"href":"https:\/\/uj.adatbank.ro\/lexikon\/wp-json\/wp\/v2\/product_brand?post=16117"},{"taxonomy":"product_cat","embeddable":true,"href":"https:\/\/uj.adatbank.ro\/lexikon\/wp-json\/wp\/v2\/product_cat?post=16117"},{"taxonomy":"product_tag","embeddable":true,"href":"https:\/\/uj.adatbank.ro\/lexikon\/wp-json\/wp\/v2\/product_tag?post=16117"}],"curies":[{"name":"wp","href":"https:\/\/api.w.org\/{rel}","templated":true}]}}