{"id":16124,"date":"2025-07-15T16:05:45","date_gmt":"2025-07-15T14:05:45","guid":{"rendered":"https:\/\/uj.adatbank.ro\/lexikon\/termek\/nagy-elemer-kovendi-id\/"},"modified":"2025-07-15T16:05:45","modified_gmt":"2025-07-15T14:05:45","slug":"nagy-elemer-kovendi-id","status":"publish","type":"product","link":"https:\/\/uj.adatbank.ro\/lexikon\/termek\/nagy-elemer-kovendi-id\/","title":{"rendered":"NAGY Elem\u00e9r, k\u00f6vendi, id."},"content":{"rendered":"<p>? \u2020 ?: f\u0151szolgab\u00edr\u00f3. \u2013 Feles\u00e9ge: nagyb\u00e1nyai L\u00e1ntzky Maria (1877 \u2013 Mv., 1929. jan. 4.). Gyermekeik: N. Elem\u00e9r; N. \u00c1gnes farkaslaki Hints Mikl\u00f3sn\u00e9; N. Jen\u0151, csend\u0151r ezredes (Ny\u00e1r\u00e1dszereda, 1897. j\u00fan. 28., \u2020 T\u00f6r\u00f6kb\u00e1lint, 1980. nov. 8.); N. M\u00e1ria Haner Victorn\u00e9; N. Piroska battenbergi Battenberg Tiborn\u00e9; N. Ilonka. <br \/><strong>Irod.:<\/strong> Gy\u00e1szjelent\u0151<\/br><\/p>\n","protected":false},"excerpt":{"rendered":"<p>? \u2020 ?: f\u0151szolgab\u00edr\u00f3. \u2013 Feles\u00e9ge: nagyb\u00e1nyai L\u00e1ntzky Maria (1877 \u2013 Mv., 1929. jan. 4.). Gyermekeik: N. Elem\u00e9r; N. \u00c1gnes farkaslaki Hints Mikl\u00f3sn\u00e9; N. Jen\u0151, csend\u0151r ezredes (Ny\u00e1r\u00e1dszereda, 1897. j\u00fan. 28., \u2020 T\u00f6r\u00f6kb\u00e1lint, 1980. nov. 8.); N. M\u00e1ria Haner Victorn\u00e9; N. Piroska battenbergi Battenberg Tiborn\u00e9; N. Ilonka. Irod.: Gy\u00e1szjelent\u0151<\/p>\n","protected":false},"featured_media":0,"comment_status":"open","ping_status":"closed","template":"","meta":[],"product_brand":[],"product_cat":[137],"product_tag":[],"class_list":{"0":"post-16124","1":"product","2":"type-product","3":"status-publish","5":"product_cat-maros-megyei-eletrajzi-lexikon","7":"first","8":"instock","9":"shipping-taxable","10":"product-type-simple"},"_links":{"self":[{"href":"https:\/\/uj.adatbank.ro\/lexikon\/wp-json\/wp\/v2\/product\/16124","targetHints":{"allow":["GET"]}}],"collection":[{"href":"https:\/\/uj.adatbank.ro\/lexikon\/wp-json\/wp\/v2\/product"}],"about":[{"href":"https:\/\/uj.adatbank.ro\/lexikon\/wp-json\/wp\/v2\/types\/product"}],"replies":[{"embeddable":true,"href":"https:\/\/uj.adatbank.ro\/lexikon\/wp-json\/wp\/v2\/comments?post=16124"}],"wp:attachment":[{"href":"https:\/\/uj.adatbank.ro\/lexikon\/wp-json\/wp\/v2\/media?parent=16124"}],"wp:term":[{"taxonomy":"product_brand","embeddable":true,"href":"https:\/\/uj.adatbank.ro\/lexikon\/wp-json\/wp\/v2\/product_brand?post=16124"},{"taxonomy":"product_cat","embeddable":true,"href":"https:\/\/uj.adatbank.ro\/lexikon\/wp-json\/wp\/v2\/product_cat?post=16124"},{"taxonomy":"product_tag","embeddable":true,"href":"https:\/\/uj.adatbank.ro\/lexikon\/wp-json\/wp\/v2\/product_tag?post=16124"}],"curies":[{"name":"wp","href":"https:\/\/api.w.org\/{rel}","templated":true}]}}