{"id":16126,"date":"2025-07-15T16:05:49","date_gmt":"2025-07-15T14:05:49","guid":{"rendered":"https:\/\/uj.adatbank.ro\/lexikon\/termek\/nagy-elvira-arabella-zsadanyi\/"},"modified":"2025-07-15T16:05:49","modified_gmt":"2025-07-15T14:05:49","slug":"nagy-elvira-arabella-zsadanyi","status":"publish","type":"product","link":"https:\/\/uj.adatbank.ro\/lexikon\/termek\/nagy-elvira-arabella-zsadanyi\/","title":{"rendered":"NAGY Elvira Arabella, zsad\u00e1nyi"},"content":{"rendered":"<p>? \u2020 ?: tan\u00edt\u00f3n\u0151. \u2013 Tanulm\u00e1nyait Kecskem\u00e9ten az Angolkisasszonyokn\u00e1l v\u00e9gezte (1940). Mez\u0151szabadon tan\u00edtott (1941\u2013). <br \/><strong>Irod.:<\/strong> Sz\u00e9kelyf\u00f6ld \u00ed.k.<\/br><\/p>\n","protected":false},"excerpt":{"rendered":"<p>? \u2020 ?: tan\u00edt\u00f3n\u0151. \u2013 Tanulm\u00e1nyait Kecskem\u00e9ten az Angolkisasszonyokn\u00e1l v\u00e9gezte (1940). Mez\u0151szabadon tan\u00edtott (1941\u2013). Irod.: Sz\u00e9kelyf\u00f6ld \u00ed.k.<\/p>\n","protected":false},"featured_media":0,"comment_status":"open","ping_status":"closed","template":"","meta":[],"product_brand":[],"product_cat":[137],"product_tag":[],"class_list":{"0":"post-16126","1":"product","2":"type-product","3":"status-publish","5":"product_cat-maros-megyei-eletrajzi-lexikon","7":"first","8":"instock","9":"shipping-taxable","10":"product-type-simple"},"_links":{"self":[{"href":"https:\/\/uj.adatbank.ro\/lexikon\/wp-json\/wp\/v2\/product\/16126","targetHints":{"allow":["GET"]}}],"collection":[{"href":"https:\/\/uj.adatbank.ro\/lexikon\/wp-json\/wp\/v2\/product"}],"about":[{"href":"https:\/\/uj.adatbank.ro\/lexikon\/wp-json\/wp\/v2\/types\/product"}],"replies":[{"embeddable":true,"href":"https:\/\/uj.adatbank.ro\/lexikon\/wp-json\/wp\/v2\/comments?post=16126"}],"wp:attachment":[{"href":"https:\/\/uj.adatbank.ro\/lexikon\/wp-json\/wp\/v2\/media?parent=16126"}],"wp:term":[{"taxonomy":"product_brand","embeddable":true,"href":"https:\/\/uj.adatbank.ro\/lexikon\/wp-json\/wp\/v2\/product_brand?post=16126"},{"taxonomy":"product_cat","embeddable":true,"href":"https:\/\/uj.adatbank.ro\/lexikon\/wp-json\/wp\/v2\/product_cat?post=16126"},{"taxonomy":"product_tag","embeddable":true,"href":"https:\/\/uj.adatbank.ro\/lexikon\/wp-json\/wp\/v2\/product_tag?post=16126"}],"curies":[{"name":"wp","href":"https:\/\/api.w.org\/{rel}","templated":true}]}}