{"id":1613,"date":"2025-06-28T11:47:39","date_gmt":"2025-06-28T09:47:39","guid":{"rendered":"https:\/\/uj.adatbank.ro\/lexikon\/termek\/adorjan-peter\/"},"modified":"2025-06-28T11:47:39","modified_gmt":"2025-06-28T09:47:39","slug":"adorjan-peter","status":"publish","type":"product","link":"https:\/\/uj.adatbank.ro\/lexikon\/termek\/adorjan-peter\/","title":{"rendered":"ADORJ\u00c1N P\u00e9ter"},"content":{"rendered":"<p>Mez\u0151panit,1893.? \u2020 ?: gazd\u00e1lkod\u00f3. \u2013 EMGE f\u00f6ldm\u0171ves iskol\u00e1t v\u00e9gzett. Saj\u00e1t f\u00f6ldj\u00e9n gazd\u00e1lkodott (1932\u2013). A sz\u00e9kely k\u00f6zbirtokoss\u00e1g eln\u00f6ke, a M. P. tagja volt. A megsz\u00e1ll\u00e1s elej\u00e9n a k\u00f6zbirtokoss\u00e1g vezet\u0151je volt, k\u00e9s\u0151bb doh\u00e1nybev\u00e1lt\u00f3 lett. Az els\u0151 vil\u00e1gh\u00e1bor\u00faban a 103. ezredben orosz, rom\u00e1n, olasz fronton harcolt. A K\u00e1roly Csapatkereszt tulajdonosa. <br \/><strong>Irod.:<\/strong> Sz\u00e9kelyf\u00f6ld \u00ed. k.<\/br><\/p>\n","protected":false},"excerpt":{"rendered":"<p>Mez\u0151panit,1893.? \u2020 ?: gazd\u00e1lkod\u00f3. \u2013 EMGE f\u00f6ldm\u0171ves iskol\u00e1t v\u00e9gzett. Saj\u00e1t f\u00f6ldj\u00e9n gazd\u00e1lkodott (1932\u2013). A sz\u00e9kely k\u00f6zbirtokoss\u00e1g eln\u00f6ke, a M. P. tagja volt. A megsz\u00e1ll\u00e1s elej\u00e9n a k\u00f6zbirtokoss\u00e1g vezet\u0151je volt, k\u00e9s\u0151bb doh\u00e1nybev\u00e1lt\u00f3 lett. Az els\u0151 vil\u00e1gh\u00e1bor\u00faban a 103. ezredben orosz, rom\u00e1n, olasz fronton harcolt. A K\u00e1roly Csapatkereszt tulajdonosa. Irod.: Sz\u00e9kelyf\u00f6ld \u00ed. k.<\/p>\n","protected":false},"featured_media":0,"comment_status":"open","ping_status":"closed","template":"","meta":[],"product_brand":[],"product_cat":[137],"product_tag":[],"class_list":{"0":"post-1613","1":"product","2":"type-product","3":"status-publish","5":"product_cat-maros-megyei-eletrajzi-lexikon","7":"first","8":"instock","9":"shipping-taxable","10":"product-type-simple"},"_links":{"self":[{"href":"https:\/\/uj.adatbank.ro\/lexikon\/wp-json\/wp\/v2\/product\/1613","targetHints":{"allow":["GET"]}}],"collection":[{"href":"https:\/\/uj.adatbank.ro\/lexikon\/wp-json\/wp\/v2\/product"}],"about":[{"href":"https:\/\/uj.adatbank.ro\/lexikon\/wp-json\/wp\/v2\/types\/product"}],"replies":[{"embeddable":true,"href":"https:\/\/uj.adatbank.ro\/lexikon\/wp-json\/wp\/v2\/comments?post=1613"}],"wp:attachment":[{"href":"https:\/\/uj.adatbank.ro\/lexikon\/wp-json\/wp\/v2\/media?parent=1613"}],"wp:term":[{"taxonomy":"product_brand","embeddable":true,"href":"https:\/\/uj.adatbank.ro\/lexikon\/wp-json\/wp\/v2\/product_brand?post=1613"},{"taxonomy":"product_cat","embeddable":true,"href":"https:\/\/uj.adatbank.ro\/lexikon\/wp-json\/wp\/v2\/product_cat?post=1613"},{"taxonomy":"product_tag","embeddable":true,"href":"https:\/\/uj.adatbank.ro\/lexikon\/wp-json\/wp\/v2\/product_tag?post=1613"}],"curies":[{"name":"wp","href":"https:\/\/api.w.org\/{rel}","templated":true}]}}