{"id":16136,"date":"2025-07-15T16:06:09","date_gmt":"2025-07-15T14:06:09","guid":{"rendered":"https:\/\/uj.adatbank.ro\/lexikon\/termek\/nagy-erno-2\/"},"modified":"2025-07-15T16:06:09","modified_gmt":"2025-07-15T14:06:09","slug":"nagy-erno-2","status":"publish","type":"product","link":"https:\/\/uj.adatbank.ro\/lexikon\/termek\/nagy-erno-2\/","title":{"rendered":"NAGY Ern\u0151"},"content":{"rendered":"<p>Szab\u00e9d, 1928. dec. 6., \u2020 ?: tan\u00e1r, n\u00e9pm\u0171vel\u0151, k\u00f6zs\u00e9gi tan\u00e1csos. \u2013 Tanult Mv.-en a Pedag\u00f3gia F\u0151iskola r-m. szak\u00e1n (1973), majd a kv.-i BBTE m.-n\u00e9met szak\u00e1n (1980). Tan\u00edtott Feh\u00e9rmegy\u00e9ben (1948\u201351), Mez\u0151s\u00e1msondon (1951\u201361), Szab\u00e9don (1961\u201389), Mv.-en (1976\u201384). <br \/><strong>Irod.:<\/strong> RMKK<\/br><\/p>\n","protected":false},"excerpt":{"rendered":"<p>Szab\u00e9d, 1928. dec. 6., \u2020 ?: tan\u00e1r, n\u00e9pm\u0171vel\u0151, k\u00f6zs\u00e9gi tan\u00e1csos. \u2013 Tanult Mv.-en a Pedag\u00f3gia F\u0151iskola r-m. szak\u00e1n (1973), majd a kv.-i BBTE m.-n\u00e9met szak\u00e1n (1980). Tan\u00edtott Feh\u00e9rmegy\u00e9ben (1948\u201351), Mez\u0151s\u00e1msondon (1951\u201361), Szab\u00e9don (1961\u201389), Mv.-en (1976\u201384). Irod.: RMKK<\/p>\n","protected":false},"featured_media":0,"comment_status":"open","ping_status":"closed","template":"","meta":[],"product_brand":[],"product_cat":[137],"product_tag":[],"class_list":{"0":"post-16136","1":"product","2":"type-product","3":"status-publish","5":"product_cat-maros-megyei-eletrajzi-lexikon","7":"first","8":"instock","9":"shipping-taxable","10":"product-type-simple"},"_links":{"self":[{"href":"https:\/\/uj.adatbank.ro\/lexikon\/wp-json\/wp\/v2\/product\/16136","targetHints":{"allow":["GET"]}}],"collection":[{"href":"https:\/\/uj.adatbank.ro\/lexikon\/wp-json\/wp\/v2\/product"}],"about":[{"href":"https:\/\/uj.adatbank.ro\/lexikon\/wp-json\/wp\/v2\/types\/product"}],"replies":[{"embeddable":true,"href":"https:\/\/uj.adatbank.ro\/lexikon\/wp-json\/wp\/v2\/comments?post=16136"}],"wp:attachment":[{"href":"https:\/\/uj.adatbank.ro\/lexikon\/wp-json\/wp\/v2\/media?parent=16136"}],"wp:term":[{"taxonomy":"product_brand","embeddable":true,"href":"https:\/\/uj.adatbank.ro\/lexikon\/wp-json\/wp\/v2\/product_brand?post=16136"},{"taxonomy":"product_cat","embeddable":true,"href":"https:\/\/uj.adatbank.ro\/lexikon\/wp-json\/wp\/v2\/product_cat?post=16136"},{"taxonomy":"product_tag","embeddable":true,"href":"https:\/\/uj.adatbank.ro\/lexikon\/wp-json\/wp\/v2\/product_tag?post=16136"}],"curies":[{"name":"wp","href":"https:\/\/api.w.org\/{rel}","templated":true}]}}