{"id":16140,"date":"2025-07-15T16:06:16","date_gmt":"2025-07-15T14:06:16","guid":{"rendered":"https:\/\/uj.adatbank.ro\/lexikon\/termek\/nagy-erzsebet-%c2%a7-lorinczy-zoltanne-tite\/"},"modified":"2025-07-15T16:06:16","modified_gmt":"2025-07-15T14:06:16","slug":"nagy-erzsebet-%c2%a7-lorinczy-zoltanne-tite","status":"publish","type":"product","link":"https:\/\/uj.adatbank.ro\/lexikon\/termek\/nagy-erzsebet-%c2%a7-lorinczy-zoltanne-tite\/","title":{"rendered":"NAGY Erzs\u00e9bet, \u00a7 L\u0151rinczy Zolt\u00e1nn\u00e9, Tite"},"content":{"rendered":"<p>1908, ? \u2020 Mv., 1996. m\u00e1rc. 21. Sz\u00e9kelykereszt\u00faron temett\u00e9k: fest\u0151m\u0171v\u00e9sz. \u2013Miniat\u00fcrfest\u00e9szet mestere : arck\u00e9pek, alakos kompozici\u00f3k, csend\u00e9letek. \u2013 <strong>F. ki\u00e1ll.:<\/strong> Sz\u00e9kelykereszt\u00far (1969), Mv.-en (1976). <br \/><strong>Irod.:<\/strong> Elekes Ferenc: A tehets\u00e9g \u201ebossz\u00faja\u201d (\u00daj \u00c9let, 13. sz., 1969); Nagy P\u00e1l : L. Nagy Erzs\u00e9bet miniat\u00fcrjei \u00daj \u00c9let. 19. sz. 1976); [Nekrol\u00f3g] (N\u00fa., 1996. m\u00e1rc. 22.)<\/br><\/p>\n","protected":false},"excerpt":{"rendered":"<p>1908, ? \u2020 Mv., 1996. m\u00e1rc. 21. Sz\u00e9kelykereszt\u00faron temett\u00e9k: fest\u0151m\u0171v\u00e9sz. \u2013Miniat\u00fcrfest\u00e9szet mestere : arck\u00e9pek, alakos kompozici\u00f3k, csend\u00e9letek. \u2013 F. ki\u00e1ll.: Sz\u00e9kelykereszt\u00far (1969), Mv.-en (1976). Irod.: Elekes Ferenc: A tehets\u00e9g \u201ebossz\u00faja\u201d (\u00daj \u00c9let, 13. sz., 1969); Nagy P\u00e1l : L. Nagy Erzs\u00e9bet miniat\u00fcrjei \u00daj \u00c9let. 19. sz. 1976); [Nekrol\u00f3g] (N\u00fa., 1996. m\u00e1rc. 22.)<\/p>\n","protected":false},"featured_media":0,"comment_status":"open","ping_status":"closed","template":"","meta":[],"product_brand":[],"product_cat":[137],"product_tag":[],"class_list":{"0":"post-16140","1":"product","2":"type-product","3":"status-publish","5":"product_cat-maros-megyei-eletrajzi-lexikon","7":"first","8":"instock","9":"shipping-taxable","10":"product-type-simple"},"_links":{"self":[{"href":"https:\/\/uj.adatbank.ro\/lexikon\/wp-json\/wp\/v2\/product\/16140","targetHints":{"allow":["GET"]}}],"collection":[{"href":"https:\/\/uj.adatbank.ro\/lexikon\/wp-json\/wp\/v2\/product"}],"about":[{"href":"https:\/\/uj.adatbank.ro\/lexikon\/wp-json\/wp\/v2\/types\/product"}],"replies":[{"embeddable":true,"href":"https:\/\/uj.adatbank.ro\/lexikon\/wp-json\/wp\/v2\/comments?post=16140"}],"wp:attachment":[{"href":"https:\/\/uj.adatbank.ro\/lexikon\/wp-json\/wp\/v2\/media?parent=16140"}],"wp:term":[{"taxonomy":"product_brand","embeddable":true,"href":"https:\/\/uj.adatbank.ro\/lexikon\/wp-json\/wp\/v2\/product_brand?post=16140"},{"taxonomy":"product_cat","embeddable":true,"href":"https:\/\/uj.adatbank.ro\/lexikon\/wp-json\/wp\/v2\/product_cat?post=16140"},{"taxonomy":"product_tag","embeddable":true,"href":"https:\/\/uj.adatbank.ro\/lexikon\/wp-json\/wp\/v2\/product_tag?post=16140"}],"curies":[{"name":"wp","href":"https:\/\/api.w.org\/{rel}","templated":true}]}}