{"id":16141,"date":"2025-07-15T16:06:18","date_gmt":"2025-07-15T14:06:18","guid":{"rendered":"https:\/\/uj.adatbank.ro\/lexikon\/termek\/nagy-eva-roza-sz-redl-eva-rozalia\/"},"modified":"2025-07-15T16:06:18","modified_gmt":"2025-07-15T14:06:18","slug":"nagy-eva-roza-sz-redl-eva-rozalia","status":"publish","type":"product","link":"https:\/\/uj.adatbank.ro\/lexikon\/termek\/nagy-eva-roza-sz-redl-eva-rozalia\/","title":{"rendered":"NAGY \u00c9va R\u00f3za, sz.REDL \u00c9va Roz\u00e1lia"},"content":{"rendered":"<p>1935., \u2020 Mv., 2018. aug:5.:orvos. \u2013 Belgy\u00f3gy\u00e1sz f\u0151orvos, b\u00fckksz\u00e9ki lak\u00f3s. <br \/><strong>Irod.:<\/strong> Nekrol\u00f3g (N\u00fa., 2022. szept. 14.)<\/br><\/p>\n","protected":false},"excerpt":{"rendered":"<p>1935., \u2020 Mv., 2018. aug:5.:orvos. \u2013 Belgy\u00f3gy\u00e1sz f\u0151orvos, b\u00fckksz\u00e9ki lak\u00f3s. Irod.: Nekrol\u00f3g (N\u00fa., 2022. szept. 14.)<\/p>\n","protected":false},"featured_media":0,"comment_status":"open","ping_status":"closed","template":"","meta":[],"product_brand":[],"product_cat":[137],"product_tag":[],"class_list":{"0":"post-16141","1":"product","2":"type-product","3":"status-publish","5":"product_cat-maros-megyei-eletrajzi-lexikon","7":"first","8":"instock","9":"shipping-taxable","10":"product-type-simple"},"_links":{"self":[{"href":"https:\/\/uj.adatbank.ro\/lexikon\/wp-json\/wp\/v2\/product\/16141","targetHints":{"allow":["GET"]}}],"collection":[{"href":"https:\/\/uj.adatbank.ro\/lexikon\/wp-json\/wp\/v2\/product"}],"about":[{"href":"https:\/\/uj.adatbank.ro\/lexikon\/wp-json\/wp\/v2\/types\/product"}],"replies":[{"embeddable":true,"href":"https:\/\/uj.adatbank.ro\/lexikon\/wp-json\/wp\/v2\/comments?post=16141"}],"wp:attachment":[{"href":"https:\/\/uj.adatbank.ro\/lexikon\/wp-json\/wp\/v2\/media?parent=16141"}],"wp:term":[{"taxonomy":"product_brand","embeddable":true,"href":"https:\/\/uj.adatbank.ro\/lexikon\/wp-json\/wp\/v2\/product_brand?post=16141"},{"taxonomy":"product_cat","embeddable":true,"href":"https:\/\/uj.adatbank.ro\/lexikon\/wp-json\/wp\/v2\/product_cat?post=16141"},{"taxonomy":"product_tag","embeddable":true,"href":"https:\/\/uj.adatbank.ro\/lexikon\/wp-json\/wp\/v2\/product_tag?post=16141"}],"curies":[{"name":"wp","href":"https:\/\/api.w.org\/{rel}","templated":true}]}}