{"id":16145,"date":"2025-07-15T16:06:27","date_gmt":"2025-07-15T14:06:27","guid":{"rendered":"https:\/\/uj.adatbank.ro\/lexikon\/termek\/nagy-ferenc-4\/"},"modified":"2025-07-15T16:06:27","modified_gmt":"2025-07-15T14:06:27","slug":"nagy-ferenc-4","status":"publish","type":"product","link":"https:\/\/uj.adatbank.ro\/lexikon\/termek\/nagy-ferenc-4\/","title":{"rendered":"NAGY Ferenc"},"content":{"rendered":"<p>? \u2020 ?: tan\u00edt\u00f3, ref. lelk\u00e9sz. \u2013 Mv.-en subscrib\u00e1lt (1786). P\u00f3k\u00e1ban (1789\u201393) \u00e9s Erd\u0151csin\u00e1don (1793\u201397) volt mester. A k\u00e9zdiv\u00e1s\u00e1rhelyi zsinaton ordin\u00e1lt\u00e1k (1798). Oroszf\u00e1j\u00e1n (1798\u201399) \u00e9s Koml\u00f3don (1800\u201335) volt lelk\u00e9sz. <br \/><strong>Irod.:<\/strong> Filep 2; \u0150sz<\/br><\/p>\n","protected":false},"excerpt":{"rendered":"<p>? \u2020 ?: tan\u00edt\u00f3, ref. lelk\u00e9sz. \u2013 Mv.-en subscrib\u00e1lt (1786). P\u00f3k\u00e1ban (1789\u201393) \u00e9s Erd\u0151csin\u00e1don (1793\u201397) volt mester. A k\u00e9zdiv\u00e1s\u00e1rhelyi zsinaton ordin\u00e1lt\u00e1k (1798). Oroszf\u00e1j\u00e1n (1798\u201399) \u00e9s Koml\u00f3don (1800\u201335) volt lelk\u00e9sz. Irod.: Filep 2; \u0150sz<\/p>\n","protected":false},"featured_media":0,"comment_status":"open","ping_status":"closed","template":"","meta":[],"product_brand":[],"product_cat":[137],"product_tag":[],"class_list":{"0":"post-16145","1":"product","2":"type-product","3":"status-publish","5":"product_cat-maros-megyei-eletrajzi-lexikon","7":"first","8":"instock","9":"shipping-taxable","10":"product-type-simple"},"_links":{"self":[{"href":"https:\/\/uj.adatbank.ro\/lexikon\/wp-json\/wp\/v2\/product\/16145","targetHints":{"allow":["GET"]}}],"collection":[{"href":"https:\/\/uj.adatbank.ro\/lexikon\/wp-json\/wp\/v2\/product"}],"about":[{"href":"https:\/\/uj.adatbank.ro\/lexikon\/wp-json\/wp\/v2\/types\/product"}],"replies":[{"embeddable":true,"href":"https:\/\/uj.adatbank.ro\/lexikon\/wp-json\/wp\/v2\/comments?post=16145"}],"wp:attachment":[{"href":"https:\/\/uj.adatbank.ro\/lexikon\/wp-json\/wp\/v2\/media?parent=16145"}],"wp:term":[{"taxonomy":"product_brand","embeddable":true,"href":"https:\/\/uj.adatbank.ro\/lexikon\/wp-json\/wp\/v2\/product_brand?post=16145"},{"taxonomy":"product_cat","embeddable":true,"href":"https:\/\/uj.adatbank.ro\/lexikon\/wp-json\/wp\/v2\/product_cat?post=16145"},{"taxonomy":"product_tag","embeddable":true,"href":"https:\/\/uj.adatbank.ro\/lexikon\/wp-json\/wp\/v2\/product_tag?post=16145"}],"curies":[{"name":"wp","href":"https:\/\/api.w.org\/{rel}","templated":true}]}}