{"id":1615,"date":"2025-06-28T11:47:43","date_gmt":"2025-06-28T09:47:43","guid":{"rendered":"https:\/\/uj.adatbank.ro\/lexikon\/termek\/adorjani-denes\/"},"modified":"2025-06-28T11:47:43","modified_gmt":"2025-06-28T09:47:43","slug":"adorjani-denes","status":"publish","type":"product","link":"https:\/\/uj.adatbank.ro\/lexikon\/termek\/adorjani-denes\/","title":{"rendered":"ADORJ\u00c1NI D\u00e9nes"},"content":{"rendered":"<p>? \u2020Mv., 1995. dec. 16.: ezredes, vad\u00e1sz. <br \/><strong>Irod.:<\/strong> [Nekrol\u00f3g] (N\u00fa., 1995. dec. 21.)<\/br><\/p>\n","protected":false},"excerpt":{"rendered":"<p>? \u2020Mv., 1995. dec. 16.: ezredes, vad\u00e1sz. Irod.: [Nekrol\u00f3g] (N\u00fa., 1995. dec. 21.)<\/p>\n","protected":false},"featured_media":0,"comment_status":"open","ping_status":"closed","template":"","meta":[],"product_brand":[],"product_cat":[137],"product_tag":[],"class_list":{"0":"post-1615","1":"product","2":"type-product","3":"status-publish","5":"product_cat-maros-megyei-eletrajzi-lexikon","7":"first","8":"instock","9":"shipping-taxable","10":"product-type-simple"},"_links":{"self":[{"href":"https:\/\/uj.adatbank.ro\/lexikon\/wp-json\/wp\/v2\/product\/1615","targetHints":{"allow":["GET"]}}],"collection":[{"href":"https:\/\/uj.adatbank.ro\/lexikon\/wp-json\/wp\/v2\/product"}],"about":[{"href":"https:\/\/uj.adatbank.ro\/lexikon\/wp-json\/wp\/v2\/types\/product"}],"replies":[{"embeddable":true,"href":"https:\/\/uj.adatbank.ro\/lexikon\/wp-json\/wp\/v2\/comments?post=1615"}],"wp:attachment":[{"href":"https:\/\/uj.adatbank.ro\/lexikon\/wp-json\/wp\/v2\/media?parent=1615"}],"wp:term":[{"taxonomy":"product_brand","embeddable":true,"href":"https:\/\/uj.adatbank.ro\/lexikon\/wp-json\/wp\/v2\/product_brand?post=1615"},{"taxonomy":"product_cat","embeddable":true,"href":"https:\/\/uj.adatbank.ro\/lexikon\/wp-json\/wp\/v2\/product_cat?post=1615"},{"taxonomy":"product_tag","embeddable":true,"href":"https:\/\/uj.adatbank.ro\/lexikon\/wp-json\/wp\/v2\/product_tag?post=1615"}],"curies":[{"name":"wp","href":"https:\/\/api.w.org\/{rel}","templated":true}]}}