{"id":16150,"date":"2025-07-15T16:06:38","date_gmt":"2025-07-15T14:06:38","guid":{"rendered":"https:\/\/uj.adatbank.ro\/lexikon\/termek\/nagy-ferenc-9\/"},"modified":"2025-07-15T16:06:38","modified_gmt":"2025-07-15T14:06:38","slug":"nagy-ferenc-9","status":"publish","type":"product","link":"https:\/\/uj.adatbank.ro\/lexikon\/termek\/nagy-ferenc-9\/","title":{"rendered":"NAGY Ferenc"},"content":{"rendered":"<p>1831.? \u2020 Mv., 1889. j\u00fan. 21.: ?. \u2013 Test\u00e9rei: N. Mari Bota Zsigmondn\u00e9; N. S\u00e1ndor. Feles\u00e9ge: 1.?; 2. Moln\u00e1r Katalin. Gyermekeik: Ferenc, feles\u00e9ge Szacsvay Ilona; mostoha gyermek: Tanczel Albert. <br \/><strong>Irod.:<\/strong> Gy\u00e1szjelent\u0151<\/br><\/p>\n","protected":false},"excerpt":{"rendered":"<p>1831.? \u2020 Mv., 1889. j\u00fan. 21.: ?. \u2013 Test\u00e9rei: N. Mari Bota Zsigmondn\u00e9; N. S\u00e1ndor. Feles\u00e9ge: 1.?; 2. Moln\u00e1r Katalin. Gyermekeik: Ferenc, feles\u00e9ge Szacsvay Ilona; mostoha gyermek: Tanczel Albert. Irod.: Gy\u00e1szjelent\u0151<\/p>\n","protected":false},"featured_media":0,"comment_status":"open","ping_status":"closed","template":"","meta":[],"product_brand":[],"product_cat":[137],"product_tag":[],"class_list":{"0":"post-16150","1":"product","2":"type-product","3":"status-publish","5":"product_cat-maros-megyei-eletrajzi-lexikon","7":"first","8":"instock","9":"shipping-taxable","10":"product-type-simple"},"_links":{"self":[{"href":"https:\/\/uj.adatbank.ro\/lexikon\/wp-json\/wp\/v2\/product\/16150","targetHints":{"allow":["GET"]}}],"collection":[{"href":"https:\/\/uj.adatbank.ro\/lexikon\/wp-json\/wp\/v2\/product"}],"about":[{"href":"https:\/\/uj.adatbank.ro\/lexikon\/wp-json\/wp\/v2\/types\/product"}],"replies":[{"embeddable":true,"href":"https:\/\/uj.adatbank.ro\/lexikon\/wp-json\/wp\/v2\/comments?post=16150"}],"wp:attachment":[{"href":"https:\/\/uj.adatbank.ro\/lexikon\/wp-json\/wp\/v2\/media?parent=16150"}],"wp:term":[{"taxonomy":"product_brand","embeddable":true,"href":"https:\/\/uj.adatbank.ro\/lexikon\/wp-json\/wp\/v2\/product_brand?post=16150"},{"taxonomy":"product_cat","embeddable":true,"href":"https:\/\/uj.adatbank.ro\/lexikon\/wp-json\/wp\/v2\/product_cat?post=16150"},{"taxonomy":"product_tag","embeddable":true,"href":"https:\/\/uj.adatbank.ro\/lexikon\/wp-json\/wp\/v2\/product_tag?post=16150"}],"curies":[{"name":"wp","href":"https:\/\/api.w.org\/{rel}","templated":true}]}}