{"id":16154,"date":"2025-07-15T16:06:46","date_gmt":"2025-07-15T14:06:46","guid":{"rendered":"https:\/\/uj.adatbank.ro\/lexikon\/termek\/nagy-ferenc-13\/"},"modified":"2025-07-15T16:06:46","modified_gmt":"2025-07-15T14:06:46","slug":"nagy-ferenc-13","status":"publish","type":"product","link":"https:\/\/uj.adatbank.ro\/lexikon\/termek\/nagy-ferenc-13\/","title":{"rendered":"NAGY Ferenc"},"content":{"rendered":"<p>P\u00f3ka, 1898., \u2020 ?: gazd\u00e1lkod\u00f3. \u2013 Iskol\u00e1i elv\u00e9gz\u00e9se ut\u00e1n gazd\u00e1lkod\u00e1st tanult, majd \u00f6n\u00e1ll\u00f3 lett P\u00f3k\u00e1ban (1934\u2013). Az els\u0151 vh.-ban a 62. k. gy. ezredben az olasz fronton fogs\u00e1gba esett, mint \u00f6rvezet\u0151 szerelt le, a bronz vit. \u00e9rem \u00e9s a K\u00e1roly Csapatkereszt kit\u00fcntet\u00e9sekkel. A Sz\u00f6vetkezet k\u00f6nyvel\u0151je, a Hangya ig. tagja, a ref. egyh\u00e1z presbitere, k\u00e1ntora volt. <br \/><strong>Irod.:<\/strong> Sz\u00e9kelyf\u00f6ld \u00ed.k.<\/br><\/p>\n","protected":false},"excerpt":{"rendered":"<p>P\u00f3ka, 1898., \u2020 ?: gazd\u00e1lkod\u00f3. \u2013 Iskol\u00e1i elv\u00e9gz\u00e9se ut\u00e1n gazd\u00e1lkod\u00e1st tanult, majd \u00f6n\u00e1ll\u00f3 lett P\u00f3k\u00e1ban (1934\u2013). Az els\u0151 vh.-ban a 62. k. gy. ezredben az olasz fronton fogs\u00e1gba esett, mint \u00f6rvezet\u0151 szerelt le, a bronz vit. \u00e9rem \u00e9s a K\u00e1roly Csapatkereszt kit\u00fcntet\u00e9sekkel. A Sz\u00f6vetkezet k\u00f6nyvel\u0151je, a Hangya ig. tagja, a ref. egyh\u00e1z presbitere, k\u00e1ntora volt. [&hellip;]<\/p>\n","protected":false},"featured_media":0,"comment_status":"open","ping_status":"closed","template":"","meta":[],"product_brand":[],"product_cat":[137],"product_tag":[],"class_list":{"0":"post-16154","1":"product","2":"type-product","3":"status-publish","5":"product_cat-maros-megyei-eletrajzi-lexikon","7":"first","8":"instock","9":"shipping-taxable","10":"product-type-simple"},"_links":{"self":[{"href":"https:\/\/uj.adatbank.ro\/lexikon\/wp-json\/wp\/v2\/product\/16154","targetHints":{"allow":["GET"]}}],"collection":[{"href":"https:\/\/uj.adatbank.ro\/lexikon\/wp-json\/wp\/v2\/product"}],"about":[{"href":"https:\/\/uj.adatbank.ro\/lexikon\/wp-json\/wp\/v2\/types\/product"}],"replies":[{"embeddable":true,"href":"https:\/\/uj.adatbank.ro\/lexikon\/wp-json\/wp\/v2\/comments?post=16154"}],"wp:attachment":[{"href":"https:\/\/uj.adatbank.ro\/lexikon\/wp-json\/wp\/v2\/media?parent=16154"}],"wp:term":[{"taxonomy":"product_brand","embeddable":true,"href":"https:\/\/uj.adatbank.ro\/lexikon\/wp-json\/wp\/v2\/product_brand?post=16154"},{"taxonomy":"product_cat","embeddable":true,"href":"https:\/\/uj.adatbank.ro\/lexikon\/wp-json\/wp\/v2\/product_cat?post=16154"},{"taxonomy":"product_tag","embeddable":true,"href":"https:\/\/uj.adatbank.ro\/lexikon\/wp-json\/wp\/v2\/product_tag?post=16154"}],"curies":[{"name":"wp","href":"https:\/\/api.w.org\/{rel}","templated":true}]}}