{"id":16157,"date":"2025-07-15T16:06:50","date_gmt":"2025-07-15T14:06:50","guid":{"rendered":"https:\/\/uj.adatbank.ro\/lexikon\/termek\/nagy-ferenc-16\/"},"modified":"2025-07-15T16:06:50","modified_gmt":"2025-07-15T14:06:50","slug":"nagy-ferenc-16","status":"publish","type":"product","link":"https:\/\/uj.adatbank.ro\/lexikon\/termek\/nagy-ferenc-16\/","title":{"rendered":"NAGY Ferenc"},"content":{"rendered":"<p>? \u2020 ?: tan\u00e1r. \u2013 Term\u00e9szetrajzot tan\u00edtott a Ref. Koll.-ban Mv.-en (1947\u201350), megszervezte a Bolyai J\u00e1nos Term\u00e9szettudom\u00e1nyos Egyes\u00fcletet. Kv.-on a BTE \u2013en tan\u00edtott (1950\u2013). <br \/><strong>Irod.:<\/strong> Elekes B\u00e9la 1999; Er\u0151s v\u00e1runk; Sk\u00f3la<\/br><\/p>\n","protected":false},"excerpt":{"rendered":"<p>? \u2020 ?: tan\u00e1r. \u2013 Term\u00e9szetrajzot tan\u00edtott a Ref. Koll.-ban Mv.-en (1947\u201350), megszervezte a Bolyai J\u00e1nos Term\u00e9szettudom\u00e1nyos Egyes\u00fcletet. Kv.-on a BTE \u2013en tan\u00edtott (1950\u2013). Irod.: Elekes B\u00e9la 1999; Er\u0151s v\u00e1runk; Sk\u00f3la<\/p>\n","protected":false},"featured_media":0,"comment_status":"open","ping_status":"closed","template":"","meta":[],"product_brand":[],"product_cat":[137],"product_tag":[],"class_list":{"0":"post-16157","1":"product","2":"type-product","3":"status-publish","5":"product_cat-maros-megyei-eletrajzi-lexikon","7":"first","8":"instock","9":"shipping-taxable","10":"product-type-simple"},"_links":{"self":[{"href":"https:\/\/uj.adatbank.ro\/lexikon\/wp-json\/wp\/v2\/product\/16157","targetHints":{"allow":["GET"]}}],"collection":[{"href":"https:\/\/uj.adatbank.ro\/lexikon\/wp-json\/wp\/v2\/product"}],"about":[{"href":"https:\/\/uj.adatbank.ro\/lexikon\/wp-json\/wp\/v2\/types\/product"}],"replies":[{"embeddable":true,"href":"https:\/\/uj.adatbank.ro\/lexikon\/wp-json\/wp\/v2\/comments?post=16157"}],"wp:attachment":[{"href":"https:\/\/uj.adatbank.ro\/lexikon\/wp-json\/wp\/v2\/media?parent=16157"}],"wp:term":[{"taxonomy":"product_brand","embeddable":true,"href":"https:\/\/uj.adatbank.ro\/lexikon\/wp-json\/wp\/v2\/product_brand?post=16157"},{"taxonomy":"product_cat","embeddable":true,"href":"https:\/\/uj.adatbank.ro\/lexikon\/wp-json\/wp\/v2\/product_cat?post=16157"},{"taxonomy":"product_tag","embeddable":true,"href":"https:\/\/uj.adatbank.ro\/lexikon\/wp-json\/wp\/v2\/product_tag?post=16157"}],"curies":[{"name":"wp","href":"https:\/\/api.w.org\/{rel}","templated":true}]}}