{"id":1616,"date":"2025-06-28T11:47:45","date_gmt":"2025-06-28T09:47:45","guid":{"rendered":"https:\/\/uj.adatbank.ro\/lexikon\/termek\/adorjani-erno\/"},"modified":"2025-06-28T11:47:45","modified_gmt":"2025-06-28T09:47:45","slug":"adorjani-erno","status":"publish","type":"product","link":"https:\/\/uj.adatbank.ro\/lexikon\/termek\/adorjani-erno\/","title":{"rendered":"ADORJ\u00c1NI Ern\u0151"},"content":{"rendered":"<p>1929? \u2020Mv., 2005. m\u00e1rc. 16.: zenetan\u00e1r, zeneszerz\u0151. \u2013 A mv.-i N\u00e9pm\u0171v\u00e9szeti Iskola tan\u00e1ra. A k\u00f6nny\u0171zene ter\u00e9n jeleskedett, a rom\u00e1niai m. nyelv\u0171 t\u00e1ncdal egyik \u00fatt\u00f6r\u0151je. <br \/><strong>Irod.:<\/strong> [Nekrol\u00f3g] (N\u00fa., 2005. m\u00e1rc.)<\/br><\/p>\n","protected":false},"excerpt":{"rendered":"<p>1929? \u2020Mv., 2005. m\u00e1rc. 16.: zenetan\u00e1r, zeneszerz\u0151. \u2013 A mv.-i N\u00e9pm\u0171v\u00e9szeti Iskola tan\u00e1ra. A k\u00f6nny\u0171zene ter\u00e9n jeleskedett, a rom\u00e1niai m. nyelv\u0171 t\u00e1ncdal egyik \u00fatt\u00f6r\u0151je. Irod.: [Nekrol\u00f3g] (N\u00fa., 2005. m\u00e1rc.)<\/p>\n","protected":false},"featured_media":0,"comment_status":"open","ping_status":"closed","template":"","meta":[],"product_brand":[],"product_cat":[137],"product_tag":[],"class_list":{"0":"post-1616","1":"product","2":"type-product","3":"status-publish","5":"product_cat-maros-megyei-eletrajzi-lexikon","7":"first","8":"instock","9":"shipping-taxable","10":"product-type-simple"},"_links":{"self":[{"href":"https:\/\/uj.adatbank.ro\/lexikon\/wp-json\/wp\/v2\/product\/1616","targetHints":{"allow":["GET"]}}],"collection":[{"href":"https:\/\/uj.adatbank.ro\/lexikon\/wp-json\/wp\/v2\/product"}],"about":[{"href":"https:\/\/uj.adatbank.ro\/lexikon\/wp-json\/wp\/v2\/types\/product"}],"replies":[{"embeddable":true,"href":"https:\/\/uj.adatbank.ro\/lexikon\/wp-json\/wp\/v2\/comments?post=1616"}],"wp:attachment":[{"href":"https:\/\/uj.adatbank.ro\/lexikon\/wp-json\/wp\/v2\/media?parent=1616"}],"wp:term":[{"taxonomy":"product_brand","embeddable":true,"href":"https:\/\/uj.adatbank.ro\/lexikon\/wp-json\/wp\/v2\/product_brand?post=1616"},{"taxonomy":"product_cat","embeddable":true,"href":"https:\/\/uj.adatbank.ro\/lexikon\/wp-json\/wp\/v2\/product_cat?post=1616"},{"taxonomy":"product_tag","embeddable":true,"href":"https:\/\/uj.adatbank.ro\/lexikon\/wp-json\/wp\/v2\/product_tag?post=1616"}],"curies":[{"name":"wp","href":"https:\/\/api.w.org\/{rel}","templated":true}]}}