{"id":16160,"date":"2025-07-15T16:06:56","date_gmt":"2025-07-15T14:06:56","guid":{"rendered":"https:\/\/uj.adatbank.ro\/lexikon\/termek\/nagy-ferenc-dr-%c2%a7\/"},"modified":"2025-07-15T16:06:56","modified_gmt":"2025-07-15T14:06:56","slug":"nagy-ferenc-dr-%c2%a7","status":"publish","type":"product","link":"https:\/\/uj.adatbank.ro\/lexikon\/termek\/nagy-ferenc-dr-%c2%a7\/","title":{"rendered":"NAGY Ferenc, dr.\u00a7"},"content":{"rendered":"<p>1924 \u2020 Mv., 2018. jan. 6.: orvos. \u2013 Kv.-on v\u00e9gezte az Orvosi Egyetemet (1940).Az Anat\u00f3mia Tansz\u00e9ken dolgozott (1949\u20131956). A dr. P\u00e1pai Zolt\u00e1n vezette Seb\u00e9szeti Klinik\u00e1n tan\u00e1rseg\u00e9d, egyetemi adjunktus f\u0151orvos, az orvostudom\u00e1nyok doktora, seb\u00e9szorvos, anat\u00f3mus, kutat\u00f3, szervez\u0151. Az eml\u0151r\u00e1k seb\u00e9szeti kezel\u00e9s\u00e9vel \u00e9s gy\u00f3gy\u00edt\u00e1s\u00e1val foglalkozott. Dr.Naftali Zolt\u00e1nnal ketten tartj\u00e1k a magyar nyelv\u0171 seb\u00e9szeti el\u0151ad\u00e1sokat.K\u00f6zel 50 \u00e9vignem volt magyar seb\u00e9sz egyetemi tan\u00e1r Mv.-en. \u2013 <strong>F. m.:<\/strong> <strong>t\u00e1rssz.:<\/strong> A Marosv\u00e1s\u00e1rhelyi magyar nyelv\u0171 orvos \u00e9s gy\u00f3gyszer\u00e9szk\u00e9pz\u00e9s 50 \u00e9ve (Bp., 1996). <br \/><strong>Irod.:<\/strong> Dezs\u0151 Istv\u00e1n; Genersich; Kiss Cs. M 4.; Nekrol\u00f3g (N\u00fa., 2018. jan.8.)<\/br><\/p>\n","protected":false},"excerpt":{"rendered":"<p>1924 \u2020 Mv., 2018. jan. 6.: orvos. \u2013 Kv.-on v\u00e9gezte az Orvosi Egyetemet (1940).Az Anat\u00f3mia Tansz\u00e9ken dolgozott (1949\u20131956). A dr. P\u00e1pai Zolt\u00e1n vezette Seb\u00e9szeti Klinik\u00e1n tan\u00e1rseg\u00e9d, egyetemi adjunktus f\u0151orvos, az orvostudom\u00e1nyok doktora, seb\u00e9szorvos, anat\u00f3mus, kutat\u00f3, szervez\u0151. Az eml\u0151r\u00e1k seb\u00e9szeti kezel\u00e9s\u00e9vel \u00e9s gy\u00f3gy\u00edt\u00e1s\u00e1val foglalkozott. Dr.Naftali Zolt\u00e1nnal ketten tartj\u00e1k a magyar nyelv\u0171 seb\u00e9szeti el\u0151ad\u00e1sokat.K\u00f6zel 50 \u00e9vignem volt [&hellip;]<\/p>\n","protected":false},"featured_media":0,"comment_status":"open","ping_status":"closed","template":"","meta":[],"product_brand":[],"product_cat":[137],"product_tag":[],"class_list":{"0":"post-16160","1":"product","2":"type-product","3":"status-publish","5":"product_cat-maros-megyei-eletrajzi-lexikon","7":"first","8":"instock","9":"shipping-taxable","10":"product-type-simple"},"_links":{"self":[{"href":"https:\/\/uj.adatbank.ro\/lexikon\/wp-json\/wp\/v2\/product\/16160","targetHints":{"allow":["GET"]}}],"collection":[{"href":"https:\/\/uj.adatbank.ro\/lexikon\/wp-json\/wp\/v2\/product"}],"about":[{"href":"https:\/\/uj.adatbank.ro\/lexikon\/wp-json\/wp\/v2\/types\/product"}],"replies":[{"embeddable":true,"href":"https:\/\/uj.adatbank.ro\/lexikon\/wp-json\/wp\/v2\/comments?post=16160"}],"wp:attachment":[{"href":"https:\/\/uj.adatbank.ro\/lexikon\/wp-json\/wp\/v2\/media?parent=16160"}],"wp:term":[{"taxonomy":"product_brand","embeddable":true,"href":"https:\/\/uj.adatbank.ro\/lexikon\/wp-json\/wp\/v2\/product_brand?post=16160"},{"taxonomy":"product_cat","embeddable":true,"href":"https:\/\/uj.adatbank.ro\/lexikon\/wp-json\/wp\/v2\/product_cat?post=16160"},{"taxonomy":"product_tag","embeddable":true,"href":"https:\/\/uj.adatbank.ro\/lexikon\/wp-json\/wp\/v2\/product_tag?post=16160"}],"curies":[{"name":"wp","href":"https:\/\/api.w.org\/{rel}","templated":true}]}}