{"id":16164,"date":"2025-07-15T16:07:06","date_gmt":"2025-07-15T14:07:06","guid":{"rendered":"https:\/\/uj.adatbank.ro\/lexikon\/termek\/nagy-gabor\/"},"modified":"2025-07-15T16:07:06","modified_gmt":"2025-07-15T14:07:06","slug":"nagy-gabor","status":"publish","type":"product","link":"https:\/\/uj.adatbank.ro\/lexikon\/termek\/nagy-gabor\/","title":{"rendered":"NAGY G\u00e1bor"},"content":{"rendered":"<p>? \u2020 ?: b\u0151rm\u0171ves, gy\u00e1rtulajdonos. \u2013 Mv.-en volt a Gavril Nagy \u015fi Fii, (Nagy G\u00e1bor \u00e9s Fiai) b\u0151r \u2013 \u00e9s t\u00edm\u00e1rgy\u00e1ra (1926). <br \/><strong>Irod.:<\/strong> Pan\u0103<\/br><\/p>\n","protected":false},"excerpt":{"rendered":"<p>? \u2020 ?: b\u0151rm\u0171ves, gy\u00e1rtulajdonos. \u2013 Mv.-en volt a Gavril Nagy \u015fi Fii, (Nagy G\u00e1bor \u00e9s Fiai) b\u0151r \u2013 \u00e9s t\u00edm\u00e1rgy\u00e1ra (1926). Irod.: Pan\u0103<\/p>\n","protected":false},"featured_media":0,"comment_status":"open","ping_status":"closed","template":"","meta":[],"product_brand":[],"product_cat":[137],"product_tag":[],"class_list":{"0":"post-16164","1":"product","2":"type-product","3":"status-publish","5":"product_cat-maros-megyei-eletrajzi-lexikon","7":"first","8":"instock","9":"shipping-taxable","10":"product-type-simple"},"_links":{"self":[{"href":"https:\/\/uj.adatbank.ro\/lexikon\/wp-json\/wp\/v2\/product\/16164","targetHints":{"allow":["GET"]}}],"collection":[{"href":"https:\/\/uj.adatbank.ro\/lexikon\/wp-json\/wp\/v2\/product"}],"about":[{"href":"https:\/\/uj.adatbank.ro\/lexikon\/wp-json\/wp\/v2\/types\/product"}],"replies":[{"embeddable":true,"href":"https:\/\/uj.adatbank.ro\/lexikon\/wp-json\/wp\/v2\/comments?post=16164"}],"wp:attachment":[{"href":"https:\/\/uj.adatbank.ro\/lexikon\/wp-json\/wp\/v2\/media?parent=16164"}],"wp:term":[{"taxonomy":"product_brand","embeddable":true,"href":"https:\/\/uj.adatbank.ro\/lexikon\/wp-json\/wp\/v2\/product_brand?post=16164"},{"taxonomy":"product_cat","embeddable":true,"href":"https:\/\/uj.adatbank.ro\/lexikon\/wp-json\/wp\/v2\/product_cat?post=16164"},{"taxonomy":"product_tag","embeddable":true,"href":"https:\/\/uj.adatbank.ro\/lexikon\/wp-json\/wp\/v2\/product_tag?post=16164"}],"curies":[{"name":"wp","href":"https:\/\/api.w.org\/{rel}","templated":true}]}}