{"id":16168,"date":"2025-07-15T16:07:12","date_gmt":"2025-07-15T14:07:12","guid":{"rendered":"https:\/\/uj.adatbank.ro\/lexikon\/termek\/nagy-gabor-kaposztasszrmtmiklosi\/"},"modified":"2025-07-15T16:07:12","modified_gmt":"2025-07-15T14:07:12","slug":"nagy-gabor-kaposztasszrmtmiklosi","status":"publish","type":"product","link":"https:\/\/uj.adatbank.ro\/lexikon\/termek\/nagy-gabor-kaposztasszrmtmiklosi\/","title":{"rendered":"NAGY G\u00e1bor, k\u00e1poszt\u00e1sszrmtmikl\u00f3si"},"content":{"rendered":"<p>Ny\u00e1r\u00e1dandr\u00e1sfalva, 1898., \u2020 ?: jegyz\u0151. \u2013 A k\u00f6z\u00e9piskol\u00e1t Mv.-en v\u00e9gezte, majd a p\u00e9csi Tud. Egyetemen szerzett oklevelet (1923), jegyz\u0151i vizsg\u00e1t tett (1925). Zs\u00e1mbokon, Egerben, K\u00f3k\u00e1n majd B\u00e9csalm\u00e1son tb. f\u0151szolgab\u00edr\u00f3, Baj\u00e1n v\u00e1rmegyei aljegyz\u0151, Nagybaracska f\u0151jegyz\u0151je (1928). Az olasz fronton harcolt (1916), megsebes\u00fclt, t. z\u00e1szl\u00f3sk\u00e9nt szerelt le. <br \/><strong>Irod.:<\/strong> Guly\u00e1s<\/br><\/p>\n","protected":false},"excerpt":{"rendered":"<p>Ny\u00e1r\u00e1dandr\u00e1sfalva, 1898., \u2020 ?: jegyz\u0151. \u2013 A k\u00f6z\u00e9piskol\u00e1t Mv.-en v\u00e9gezte, majd a p\u00e9csi Tud. Egyetemen szerzett oklevelet (1923), jegyz\u0151i vizsg\u00e1t tett (1925). Zs\u00e1mbokon, Egerben, K\u00f3k\u00e1n majd B\u00e9csalm\u00e1son tb. f\u0151szolgab\u00edr\u00f3, Baj\u00e1n v\u00e1rmegyei aljegyz\u0151, Nagybaracska f\u0151jegyz\u0151je (1928). Az olasz fronton harcolt (1916), megsebes\u00fclt, t. z\u00e1szl\u00f3sk\u00e9nt szerelt le. Irod.: Guly\u00e1s<\/p>\n","protected":false},"featured_media":0,"comment_status":"open","ping_status":"closed","template":"","meta":[],"product_brand":[],"product_cat":[137],"product_tag":[],"class_list":{"0":"post-16168","1":"product","2":"type-product","3":"status-publish","5":"product_cat-maros-megyei-eletrajzi-lexikon","7":"first","8":"instock","9":"shipping-taxable","10":"product-type-simple"},"_links":{"self":[{"href":"https:\/\/uj.adatbank.ro\/lexikon\/wp-json\/wp\/v2\/product\/16168","targetHints":{"allow":["GET"]}}],"collection":[{"href":"https:\/\/uj.adatbank.ro\/lexikon\/wp-json\/wp\/v2\/product"}],"about":[{"href":"https:\/\/uj.adatbank.ro\/lexikon\/wp-json\/wp\/v2\/types\/product"}],"replies":[{"embeddable":true,"href":"https:\/\/uj.adatbank.ro\/lexikon\/wp-json\/wp\/v2\/comments?post=16168"}],"wp:attachment":[{"href":"https:\/\/uj.adatbank.ro\/lexikon\/wp-json\/wp\/v2\/media?parent=16168"}],"wp:term":[{"taxonomy":"product_brand","embeddable":true,"href":"https:\/\/uj.adatbank.ro\/lexikon\/wp-json\/wp\/v2\/product_brand?post=16168"},{"taxonomy":"product_cat","embeddable":true,"href":"https:\/\/uj.adatbank.ro\/lexikon\/wp-json\/wp\/v2\/product_cat?post=16168"},{"taxonomy":"product_tag","embeddable":true,"href":"https:\/\/uj.adatbank.ro\/lexikon\/wp-json\/wp\/v2\/product_tag?post=16168"}],"curies":[{"name":"wp","href":"https:\/\/api.w.org\/{rel}","templated":true}]}}