{"id":16169,"date":"2025-07-15T16:07:14","date_gmt":"2025-07-15T14:07:14","guid":{"rendered":"https:\/\/uj.adatbank.ro\/lexikon\/termek\/nagy-gabor-poco\/"},"modified":"2025-07-15T16:07:14","modified_gmt":"2025-07-15T14:07:14","slug":"nagy-gabor-poco","status":"publish","type":"product","link":"https:\/\/uj.adatbank.ro\/lexikon\/termek\/nagy-gabor-poco\/","title":{"rendered":"NAGY G\u00e1bor; Poco"},"content":{"rendered":"<p>? \u2020 ?: v\u00edzilabd\u00e1z\u00f3. \u2013 N. G\u00e1bor \u00e9s Bogd\u00e1n Ilona (1904-Los Angeles, 2002. Hamvait Mv.-en temett\u00e9k 2002. m\u00e1j. 24.) fia.Tagja volt a Melbourn-i olimpi\u00e1n r\u00e9sztvev\u0151 rom\u00e1n v\u00edzilabda v\u00e1logatottnak (1956). Az AE\u00c1-ban \u00e9lt. <br \/><strong>Irod.:<\/strong> Kl\u00f3sz\u2013Tolok\u00e1n; N\u00fa (2003. dec. 22.); Sportegy\u00e9nis\u00e9gekre eml\u00e9keztek (N\u00fa., 2011. j\u00fan. 20.)<\/br><\/p>\n","protected":false},"excerpt":{"rendered":"<p>? \u2020 ?: v\u00edzilabd\u00e1z\u00f3. \u2013 N. G\u00e1bor \u00e9s Bogd\u00e1n Ilona (1904-Los Angeles, 2002. Hamvait Mv.-en temett\u00e9k 2002. m\u00e1j. 24.) fia.Tagja volt a Melbourn-i olimpi\u00e1n r\u00e9sztvev\u0151 rom\u00e1n v\u00edzilabda v\u00e1logatottnak (1956). Az AE\u00c1-ban \u00e9lt. Irod.: Kl\u00f3sz\u2013Tolok\u00e1n; N\u00fa (2003. dec. 22.); Sportegy\u00e9nis\u00e9gekre eml\u00e9keztek (N\u00fa., 2011. j\u00fan. 20.)<\/p>\n","protected":false},"featured_media":0,"comment_status":"open","ping_status":"closed","template":"","meta":[],"product_brand":[],"product_cat":[137],"product_tag":[],"class_list":{"0":"post-16169","1":"product","2":"type-product","3":"status-publish","5":"product_cat-maros-megyei-eletrajzi-lexikon","7":"first","8":"instock","9":"shipping-taxable","10":"product-type-simple"},"_links":{"self":[{"href":"https:\/\/uj.adatbank.ro\/lexikon\/wp-json\/wp\/v2\/product\/16169","targetHints":{"allow":["GET"]}}],"collection":[{"href":"https:\/\/uj.adatbank.ro\/lexikon\/wp-json\/wp\/v2\/product"}],"about":[{"href":"https:\/\/uj.adatbank.ro\/lexikon\/wp-json\/wp\/v2\/types\/product"}],"replies":[{"embeddable":true,"href":"https:\/\/uj.adatbank.ro\/lexikon\/wp-json\/wp\/v2\/comments?post=16169"}],"wp:attachment":[{"href":"https:\/\/uj.adatbank.ro\/lexikon\/wp-json\/wp\/v2\/media?parent=16169"}],"wp:term":[{"taxonomy":"product_brand","embeddable":true,"href":"https:\/\/uj.adatbank.ro\/lexikon\/wp-json\/wp\/v2\/product_brand?post=16169"},{"taxonomy":"product_cat","embeddable":true,"href":"https:\/\/uj.adatbank.ro\/lexikon\/wp-json\/wp\/v2\/product_cat?post=16169"},{"taxonomy":"product_tag","embeddable":true,"href":"https:\/\/uj.adatbank.ro\/lexikon\/wp-json\/wp\/v2\/product_tag?post=16169"}],"curies":[{"name":"wp","href":"https:\/\/api.w.org\/{rel}","templated":true}]}}