{"id":1617,"date":"2025-06-28T11:47:46","date_gmt":"2025-06-28T09:47:46","guid":{"rendered":"https:\/\/uj.adatbank.ro\/lexikon\/termek\/adorjani-etelka-dr-szabo-istvanne-adorjan-etelka\/"},"modified":"2025-06-28T11:47:46","modified_gmt":"2025-06-28T09:47:46","slug":"adorjani-etelka-dr-szabo-istvanne-adorjan-etelka","status":"publish","type":"product","link":"https:\/\/uj.adatbank.ro\/lexikon\/termek\/adorjani-etelka-dr-szabo-istvanne-adorjan-etelka\/","title":{"rendered":"ADORJ\u00c1NI Etelka, dr. Szab\u00f3 Istv\u00e1nn\u00e9, Adorj\u00e1n Etelka"},"content":{"rendered":"<p>Torda, 1924. szept. 2., \u2020\u00a0Mv.,1986. m\u00e1j. 6.: orvos. \u2013 A k\u00f6z\u00e9piskol\u00e1t sz\u00fcl\u0151v\u00e1ros\u00e1ban a rom\u00e1n tannyelv\u0171 le\u00e1nygimn.-ban (1935\u201340), majd Kv.-on a m. tannyelv\u0171 \u00c1llami L\u00e1nygimn.-ban v\u00e9gezte, az egyetemet az OGYI kv.-i majd mv.-i orvosi kar\u00e1n (1952). Dolgozott a mv.-i V\u00e9r\u00e1t\u00f6mleszt\u0151 K\u00f6zpontn\u00e1l (1951\u201353); a MOGYI-n, a Sz\u00fcl\u00e9szet-N\u0151gy\u00f3gy\u00e1szati Klinika laborat\u00f3rium\u00e1ban (1957\u2013). Szakorvos (1961\u2013), doktor\u00e1lt (1972), f\u0151orvos (1972\u2013). Dolgozatokat k\u00f6z\u00f6lt az Orvosi Szemle, Studii si Cercet\u0103ri Medicale, Pediatrie, Obstetric\u0103 \u015fi Ginecologie, Arch. Roum. De Path Exp, M. N\u0151orvosok Lapja, Acta Physiologica Hungarica, Zeitschrift f\u00fcr Immunit\u00e4tsforschung. \u2013 <strong>F. m.:<\/strong> Az ember szexualis \u00e9letm\u0171k\u00f6d\u00e9sei (Szab\u00f3 Istv\u00e1nnal, Buk, 1987). <br \/><strong>Irod.:<\/strong> Komj\u00e1tszegi; [Nekrol\u00f3g] (V. Z., 1986. m\u00e1j.9.); RMIL; Todea\u2013F\u00fcl\u00f6p\u2013Avram<\/br><\/p>\n","protected":false},"excerpt":{"rendered":"<p>Torda, 1924. szept. 2., \u2020\u00a0Mv.,1986. m\u00e1j. 6.: orvos. \u2013 A k\u00f6z\u00e9piskol\u00e1t sz\u00fcl\u0151v\u00e1ros\u00e1ban a rom\u00e1n tannyelv\u0171 le\u00e1nygimn.-ban (1935\u201340), majd Kv.-on a m. tannyelv\u0171 \u00c1llami L\u00e1nygimn.-ban v\u00e9gezte, az egyetemet az OGYI kv.-i majd mv.-i orvosi kar\u00e1n (1952). Dolgozott a mv.-i V\u00e9r\u00e1t\u00f6mleszt\u0151 K\u00f6zpontn\u00e1l (1951\u201353); a MOGYI-n, a Sz\u00fcl\u00e9szet-N\u0151gy\u00f3gy\u00e1szati Klinika laborat\u00f3rium\u00e1ban (1957\u2013). Szakorvos (1961\u2013), doktor\u00e1lt (1972), f\u0151orvos (1972\u2013). Dolgozatokat [&hellip;]<\/p>\n","protected":false},"featured_media":0,"comment_status":"open","ping_status":"closed","template":"","meta":[],"product_brand":[],"product_cat":[137],"product_tag":[],"class_list":{"0":"post-1617","1":"product","2":"type-product","3":"status-publish","5":"product_cat-maros-megyei-eletrajzi-lexikon","7":"first","8":"instock","9":"shipping-taxable","10":"product-type-simple"},"_links":{"self":[{"href":"https:\/\/uj.adatbank.ro\/lexikon\/wp-json\/wp\/v2\/product\/1617","targetHints":{"allow":["GET"]}}],"collection":[{"href":"https:\/\/uj.adatbank.ro\/lexikon\/wp-json\/wp\/v2\/product"}],"about":[{"href":"https:\/\/uj.adatbank.ro\/lexikon\/wp-json\/wp\/v2\/types\/product"}],"replies":[{"embeddable":true,"href":"https:\/\/uj.adatbank.ro\/lexikon\/wp-json\/wp\/v2\/comments?post=1617"}],"wp:attachment":[{"href":"https:\/\/uj.adatbank.ro\/lexikon\/wp-json\/wp\/v2\/media?parent=1617"}],"wp:term":[{"taxonomy":"product_brand","embeddable":true,"href":"https:\/\/uj.adatbank.ro\/lexikon\/wp-json\/wp\/v2\/product_brand?post=1617"},{"taxonomy":"product_cat","embeddable":true,"href":"https:\/\/uj.adatbank.ro\/lexikon\/wp-json\/wp\/v2\/product_cat?post=1617"},{"taxonomy":"product_tag","embeddable":true,"href":"https:\/\/uj.adatbank.ro\/lexikon\/wp-json\/wp\/v2\/product_tag?post=1617"}],"curies":[{"name":"wp","href":"https:\/\/api.w.org\/{rel}","templated":true}]}}