{"id":16171,"date":"2025-07-15T16:07:18","date_gmt":"2025-07-15T14:07:18","guid":{"rendered":"https:\/\/uj.adatbank.ro\/lexikon\/termek\/nagy-gabriella\/"},"modified":"2025-07-15T16:07:18","modified_gmt":"2025-07-15T14:07:18","slug":"nagy-gabriella","status":"publish","type":"product","link":"https:\/\/uj.adatbank.ro\/lexikon\/termek\/nagy-gabriella\/","title":{"rendered":"NAGY Gabriella"},"content":{"rendered":"<p>Nagypest\u00e9ny, 1918. okt. 28., \u2020 Mv., 2002. j\u00fal. 27.: orvos. \u2013Kv.-on v\u00e9gezett a FJTE \u2013en (1942). Orvos Kv.-on gyakornok a Haynal klinik\u00e1n (1942\u201345), Mv.-en a T\u00fcd\u0151klinika tan\u00e1rseg\u00e9dje (1946\u201352), f\u0151orvosa (1952\u201359), a mv.-i t\u00fcd\u0151gondoz\u00f3 f\u0151orvosa (1959\u201377, nyugd\u00edjaz\u00e1s\u00e1ig). <br \/><strong>Irod.:<\/strong> EMKK 2000; RMKK<\/br><\/p>\n","protected":false},"excerpt":{"rendered":"<p>Nagypest\u00e9ny, 1918. okt. 28., \u2020 Mv., 2002. j\u00fal. 27.: orvos. \u2013Kv.-on v\u00e9gezett a FJTE \u2013en (1942). Orvos Kv.-on gyakornok a Haynal klinik\u00e1n (1942\u201345), Mv.-en a T\u00fcd\u0151klinika tan\u00e1rseg\u00e9dje (1946\u201352), f\u0151orvosa (1952\u201359), a mv.-i t\u00fcd\u0151gondoz\u00f3 f\u0151orvosa (1959\u201377, nyugd\u00edjaz\u00e1s\u00e1ig). Irod.: EMKK 2000; RMKK<\/p>\n","protected":false},"featured_media":0,"comment_status":"open","ping_status":"closed","template":"","meta":[],"product_brand":[],"product_cat":[137],"product_tag":[],"class_list":{"0":"post-16171","1":"product","2":"type-product","3":"status-publish","5":"product_cat-maros-megyei-eletrajzi-lexikon","7":"first","8":"instock","9":"shipping-taxable","10":"product-type-simple"},"_links":{"self":[{"href":"https:\/\/uj.adatbank.ro\/lexikon\/wp-json\/wp\/v2\/product\/16171","targetHints":{"allow":["GET"]}}],"collection":[{"href":"https:\/\/uj.adatbank.ro\/lexikon\/wp-json\/wp\/v2\/product"}],"about":[{"href":"https:\/\/uj.adatbank.ro\/lexikon\/wp-json\/wp\/v2\/types\/product"}],"replies":[{"embeddable":true,"href":"https:\/\/uj.adatbank.ro\/lexikon\/wp-json\/wp\/v2\/comments?post=16171"}],"wp:attachment":[{"href":"https:\/\/uj.adatbank.ro\/lexikon\/wp-json\/wp\/v2\/media?parent=16171"}],"wp:term":[{"taxonomy":"product_brand","embeddable":true,"href":"https:\/\/uj.adatbank.ro\/lexikon\/wp-json\/wp\/v2\/product_brand?post=16171"},{"taxonomy":"product_cat","embeddable":true,"href":"https:\/\/uj.adatbank.ro\/lexikon\/wp-json\/wp\/v2\/product_cat?post=16171"},{"taxonomy":"product_tag","embeddable":true,"href":"https:\/\/uj.adatbank.ro\/lexikon\/wp-json\/wp\/v2\/product_tag?post=16171"}],"curies":[{"name":"wp","href":"https:\/\/api.w.org\/{rel}","templated":true}]}}