{"id":1618,"date":"2025-06-28T11:47:48","date_gmt":"2025-06-28T09:47:48","guid":{"rendered":"https:\/\/uj.adatbank.ro\/lexikon\/termek\/adorjani-karoly\/"},"modified":"2025-06-28T11:47:48","modified_gmt":"2025-06-28T09:47:48","slug":"adorjani-karoly","status":"publish","type":"product","link":"https:\/\/uj.adatbank.ro\/lexikon\/termek\/adorjani-karoly\/","title":{"rendered":"ADORJ\u00c1NI K\u00e1roly"},"content":{"rendered":"<p>Brass\u00f3, 1926. m\u00e1j. 24.,\u2020 Mv.,1995. dec. 26.: orvos, TBC. \u2013 Feles\u00e9ge: dr. Tak\u00e1cs Judit. \u2013 Sepsiszentgy\u00f6rgy\u00f6n a Sz\u00e9kely Mik\u00f3 Koll.-ban \u00e9retts\u00e9gizett (1945); orvosi oklevel\u00e9t a MOGYI \u00c1ltal\u00e1nos Orvosi Kar\u00e1n szerezte (1951); a mv.-i T\u00fcd\u0151gy\u00f3gyaszati Klinika szakorvosa (1951\u201389); nyugd\u00edjazt\u00e1k (1989). <br \/><strong>Irod.:<\/strong> KKACs; Komj\u00e1tszegi; [Nekrol\u00f3g] (N\u00fa., 1995. dec. 28.)<\/br><\/p>\n","protected":false},"excerpt":{"rendered":"<p>Brass\u00f3, 1926. m\u00e1j. 24.,\u2020 Mv.,1995. dec. 26.: orvos, TBC. \u2013 Feles\u00e9ge: dr. Tak\u00e1cs Judit. \u2013 Sepsiszentgy\u00f6rgy\u00f6n a Sz\u00e9kely Mik\u00f3 Koll.-ban \u00e9retts\u00e9gizett (1945); orvosi oklevel\u00e9t a MOGYI \u00c1ltal\u00e1nos Orvosi Kar\u00e1n szerezte (1951); a mv.-i T\u00fcd\u0151gy\u00f3gyaszati Klinika szakorvosa (1951\u201389); nyugd\u00edjazt\u00e1k (1989). Irod.: KKACs; Komj\u00e1tszegi; [Nekrol\u00f3g] (N\u00fa., 1995. dec. 28.)<\/p>\n","protected":false},"featured_media":0,"comment_status":"open","ping_status":"closed","template":"","meta":[],"product_brand":[],"product_cat":[137],"product_tag":[],"class_list":{"0":"post-1618","1":"product","2":"type-product","3":"status-publish","5":"product_cat-maros-megyei-eletrajzi-lexikon","7":"first","8":"instock","9":"shipping-taxable","10":"product-type-simple"},"_links":{"self":[{"href":"https:\/\/uj.adatbank.ro\/lexikon\/wp-json\/wp\/v2\/product\/1618","targetHints":{"allow":["GET"]}}],"collection":[{"href":"https:\/\/uj.adatbank.ro\/lexikon\/wp-json\/wp\/v2\/product"}],"about":[{"href":"https:\/\/uj.adatbank.ro\/lexikon\/wp-json\/wp\/v2\/types\/product"}],"replies":[{"embeddable":true,"href":"https:\/\/uj.adatbank.ro\/lexikon\/wp-json\/wp\/v2\/comments?post=1618"}],"wp:attachment":[{"href":"https:\/\/uj.adatbank.ro\/lexikon\/wp-json\/wp\/v2\/media?parent=1618"}],"wp:term":[{"taxonomy":"product_brand","embeddable":true,"href":"https:\/\/uj.adatbank.ro\/lexikon\/wp-json\/wp\/v2\/product_brand?post=1618"},{"taxonomy":"product_cat","embeddable":true,"href":"https:\/\/uj.adatbank.ro\/lexikon\/wp-json\/wp\/v2\/product_cat?post=1618"},{"taxonomy":"product_tag","embeddable":true,"href":"https:\/\/uj.adatbank.ro\/lexikon\/wp-json\/wp\/v2\/product_tag?post=1618"}],"curies":[{"name":"wp","href":"https:\/\/api.w.org\/{rel}","templated":true}]}}