{"id":1619,"date":"2025-06-28T11:47:49","date_gmt":"2025-06-28T09:47:49","guid":{"rendered":"https:\/\/uj.adatbank.ro\/lexikon\/termek\/adorjani-karoly-%c2%a7\/"},"modified":"2025-06-28T11:47:49","modified_gmt":"2025-06-28T09:47:49","slug":"adorjani-karoly-%c2%a7","status":"publish","type":"product","link":"https:\/\/uj.adatbank.ro\/lexikon\/termek\/adorjani-karoly-%c2%a7\/","title":{"rendered":"ADORJ\u00c1NI K\u00e1roly, \u00a7"},"content":{"rendered":"<p>Havad, 1878.,\u2020 Maross\u00e1rpatak, 1946. aug. 3.: tan\u00edt\u00f3, igazgat\u00f3. \u2013 H\u00faszgyermekes havadi f\u00f6ldm\u0171ves csal\u00e1d fia. Feles\u00e9ge: G\u00f6dri M\u00e1ria. Gyermekeik: Ilona tan\u00edt\u00f3n\u0151, Dezs\u0151 tan\u00edt\u00f3, Zolt\u00e1n, J\u00falia, K\u00e1roly, Istv\u00e1n tan\u00edt\u00f3, M\u00e1ria (Cukri) Rend K\u00e1rolyn\u00e9, tan\u00edt\u00f3n\u0151 (1913 \u2013 Mv., 2006. j\u00fal.). Gyermekei k\u00f6z\u00fcl 4 tan\u00edt\u00f3, unok\u00e1i \u00e9s d\u00e9dunok\u00e1i is valamennyien tan\u00edt\u00f3k, tan\u00e1rok lettek. \u2013 Tanulm\u00e1nyait Nagyenyeden v\u00e9gezte, tan\u00edt\u00f3i oklevelet szerzett (1898). Maross\u00e1rpatakon volt tan\u00edt\u00f3 a nyugd\u00edjba vonul\u00e1s\u00e1ig igazgat\u00f3 (1898\u20131938). A falu fejleszt\u00e9s\u00e9n dolgozott: megszervezte a Gazdak\u00f6rt, a Tejsz\u00f6vetkezetet, az Orsz\u00e1gos K\u00f6zponti Hitelsz\u00f6vetkezet helyi fi\u00f3kj\u00e1nak vezet\u0151je, a Hangya Sz\u00f6vetkezet alap\u00edt\u00f3i k\u00f6z\u00e9 tartozott, amelynek eln\u00f6ke is volt. Anyagilag t\u00e1mogatta az iskol\u00e1t. Az I. vh.-ban tizedesk\u00e9nt vett r\u00e9szt, a 22. honv. ezredben az orosz fronton k\u00fczd\u00f6tt, ahol megsebes\u00fclt (1914) \u00e9s hadifogs\u00e1gba esett, hat \u00e9s f\u00e9l \u00e9v ut\u00e1n t\u00e9rt haza (1921). Tov\u00e1bb dolgozott a falu kultur\u00e1lis \u00e9s gazdas\u00e1gi fellend\u00edt\u00e9s\u00e9\u00e9rt. A k\u00f6zs\u00e9g akkori nagybirtokosa Mircea Voievod \u00e1r\u00faba bocs\u00e1totta 500 holdas birtok\u00e1t, a hitelsz\u00f6vetkezet seg\u00edts\u00e9g\u00e9vel megv\u00e1s\u00e1rolta. A f\u00f6ld a falu tulajdon\u00e1ba ker\u00fclt (1937), 430 hold f\u00f6ldet osztottak ki, sz\u00e1mos egy\u00e9ni otthon l\u00e9tes\u00fclt, ez megalapozta a k\u00f6zs\u00e9g gazdas\u00e1gi \u00e9s kultur\u00e1lis fejl\u0151d\u00e9s\u00e9t. Meg\u00edrta az els\u0151 maross\u00e1rpataki falufalumonogr\u00e1fi\u00e1t. Cikkei jelentek meg a Magyar N\u00e9p c. lapban. Maross\u00e1rpatak \u00f6nkorm\u00e1nyzata, post mortem d\u00edszpolg\u00e1ri c\u00edmmel t\u00fcntette ki (2001). Maross\u00e1rpatak iskol\u00e1ja felvette a nev\u00e9t (2008. m\u00e1j. 1.). K\u0151szobr\u00e1t, Miholcsa J\u00f3zsef alkot\u00e1s\u00e1t, a maross\u00e1rpataki iskola udvar\u00e1n leplezt\u00e9k le (2010. okt. 10.). <br \/><strong>Irod.:<\/strong> Berekm\u00e9ri Edmond: Iskolan\u00e9vad\u00e1s Maross\u00e1rpatakon (N\u00fa., 2008. m\u00e1j. 6.); Berekm\u00e9ri Edmond: \u00daj szobor ker\u00fclt a talapzatra (V\u00e1s\u00e1rhelyi Ha\u00edrlap, 2010. okt. 14.); Berekm\u00e9ri\u2013G\u00e1lfi; Ga\u00e1l 2001; G\u00e1lfi Tibor: Kett\u0151s \u00fcnnep\u00e9ly Maross\u00e1rpatakon (N\u00fa., 2010. okt. 26); Sz\u00e9kelyf\u00f6ld \u00ed. k.<\/br><\/p>\n","protected":false},"excerpt":{"rendered":"<p>Havad, 1878.,\u2020 Maross\u00e1rpatak, 1946. aug. 3.: tan\u00edt\u00f3, igazgat\u00f3. \u2013 H\u00faszgyermekes havadi f\u00f6ldm\u0171ves csal\u00e1d fia. Feles\u00e9ge: G\u00f6dri M\u00e1ria. Gyermekeik: Ilona tan\u00edt\u00f3n\u0151, Dezs\u0151 tan\u00edt\u00f3, Zolt\u00e1n, J\u00falia, K\u00e1roly, Istv\u00e1n tan\u00edt\u00f3, M\u00e1ria (Cukri) Rend K\u00e1rolyn\u00e9, tan\u00edt\u00f3n\u0151 (1913 \u2013 Mv., 2006. j\u00fal.). Gyermekei k\u00f6z\u00fcl 4 tan\u00edt\u00f3, unok\u00e1i \u00e9s d\u00e9dunok\u00e1i is valamennyien tan\u00edt\u00f3k, tan\u00e1rok lettek. \u2013 Tanulm\u00e1nyait Nagyenyeden v\u00e9gezte, tan\u00edt\u00f3i oklevelet [&hellip;]<\/p>\n","protected":false},"featured_media":0,"comment_status":"open","ping_status":"closed","template":"","meta":[],"product_brand":[],"product_cat":[137],"product_tag":[],"class_list":{"0":"post-1619","1":"product","2":"type-product","3":"status-publish","5":"product_cat-maros-megyei-eletrajzi-lexikon","7":"first","8":"instock","9":"shipping-taxable","10":"product-type-simple"},"_links":{"self":[{"href":"https:\/\/uj.adatbank.ro\/lexikon\/wp-json\/wp\/v2\/product\/1619","targetHints":{"allow":["GET"]}}],"collection":[{"href":"https:\/\/uj.adatbank.ro\/lexikon\/wp-json\/wp\/v2\/product"}],"about":[{"href":"https:\/\/uj.adatbank.ro\/lexikon\/wp-json\/wp\/v2\/types\/product"}],"replies":[{"embeddable":true,"href":"https:\/\/uj.adatbank.ro\/lexikon\/wp-json\/wp\/v2\/comments?post=1619"}],"wp:attachment":[{"href":"https:\/\/uj.adatbank.ro\/lexikon\/wp-json\/wp\/v2\/media?parent=1619"}],"wp:term":[{"taxonomy":"product_brand","embeddable":true,"href":"https:\/\/uj.adatbank.ro\/lexikon\/wp-json\/wp\/v2\/product_brand?post=1619"},{"taxonomy":"product_cat","embeddable":true,"href":"https:\/\/uj.adatbank.ro\/lexikon\/wp-json\/wp\/v2\/product_cat?post=1619"},{"taxonomy":"product_tag","embeddable":true,"href":"https:\/\/uj.adatbank.ro\/lexikon\/wp-json\/wp\/v2\/product_tag?post=1619"}],"curies":[{"name":"wp","href":"https:\/\/api.w.org\/{rel}","templated":true}]}}