{"id":1620,"date":"2025-06-28T11:47:50","date_gmt":"2025-06-28T09:47:50","guid":{"rendered":"https:\/\/uj.adatbank.ro\/lexikon\/termek\/adorjani-lajos\/"},"modified":"2025-06-28T11:47:50","modified_gmt":"2025-06-28T09:47:50","slug":"adorjani-lajos","status":"publish","type":"product","link":"https:\/\/uj.adatbank.ro\/lexikon\/termek\/adorjani-lajos\/","title":{"rendered":"ADORJ\u00c1NI Lajos"},"content":{"rendered":"<p>Sz\u00e9kelyb\u00f3s, 1896., \u2020 Nyom\u00e1t, 1987. jan. 13.: gazd\u00e1lkod\u00f3. \u2013 \u00d6si nemesi csal\u00e1db\u00f3l sz\u00e1rmazott (1625\u2013), \u0151sei a k\u00f6zs\u00e9g alap\u00edt\u00f3i k\u00f6z\u00e9 tartoztak. \u2013 K\u00f6z\u00e9piskol\u00e1i elv\u00e9gz\u00e9se ut\u00e1n 35 holdon gazd\u00e1lkodott Havadon. K\u00f6zs\u00e9gi p\u00e9nzt\u00e1ros. Az els\u0151 vh.-ban a 62. gy. e.-ben a szerb, rom\u00e1n, orosz, olasz fronton k\u00fczd\u00f6tt, l\u00e9gnyom\u00e1s \u00e9rte \u00e9s mint szakaszvezet\u0151 szerelt le. A bronz viz\u00e9zs\u00e9gi \u00e9rem \u00e9s a K\u00e1roly csapatkereszt tulajdonosa. <br \/><strong>Irod.:<\/strong> Sz\u00e9kelyf\u00f6ld \u00ed. k.; [Nekrol\u00f3g] (V.Z., 1987. jan. 15.)<\/br><\/p>\n","protected":false},"excerpt":{"rendered":"<p>Sz\u00e9kelyb\u00f3s, 1896., \u2020 Nyom\u00e1t, 1987. jan. 13.: gazd\u00e1lkod\u00f3. \u2013 \u00d6si nemesi csal\u00e1db\u00f3l sz\u00e1rmazott (1625\u2013), \u0151sei a k\u00f6zs\u00e9g alap\u00edt\u00f3i k\u00f6z\u00e9 tartoztak. \u2013 K\u00f6z\u00e9piskol\u00e1i elv\u00e9gz\u00e9se ut\u00e1n 35 holdon gazd\u00e1lkodott Havadon. K\u00f6zs\u00e9gi p\u00e9nzt\u00e1ros. Az els\u0151 vh.-ban a 62. gy. e.-ben a szerb, rom\u00e1n, orosz, olasz fronton k\u00fczd\u00f6tt, l\u00e9gnyom\u00e1s \u00e9rte \u00e9s mint szakaszvezet\u0151 szerelt le. A bronz viz\u00e9zs\u00e9gi \u00e9rem [&hellip;]<\/p>\n","protected":false},"featured_media":0,"comment_status":"open","ping_status":"closed","template":"","meta":[],"product_brand":[],"product_cat":[137],"product_tag":[],"class_list":{"0":"post-1620","1":"product","2":"type-product","3":"status-publish","5":"product_cat-maros-megyei-eletrajzi-lexikon","7":"first","8":"instock","9":"shipping-taxable","10":"product-type-simple"},"_links":{"self":[{"href":"https:\/\/uj.adatbank.ro\/lexikon\/wp-json\/wp\/v2\/product\/1620","targetHints":{"allow":["GET"]}}],"collection":[{"href":"https:\/\/uj.adatbank.ro\/lexikon\/wp-json\/wp\/v2\/product"}],"about":[{"href":"https:\/\/uj.adatbank.ro\/lexikon\/wp-json\/wp\/v2\/types\/product"}],"replies":[{"embeddable":true,"href":"https:\/\/uj.adatbank.ro\/lexikon\/wp-json\/wp\/v2\/comments?post=1620"}],"wp:attachment":[{"href":"https:\/\/uj.adatbank.ro\/lexikon\/wp-json\/wp\/v2\/media?parent=1620"}],"wp:term":[{"taxonomy":"product_brand","embeddable":true,"href":"https:\/\/uj.adatbank.ro\/lexikon\/wp-json\/wp\/v2\/product_brand?post=1620"},{"taxonomy":"product_cat","embeddable":true,"href":"https:\/\/uj.adatbank.ro\/lexikon\/wp-json\/wp\/v2\/product_cat?post=1620"},{"taxonomy":"product_tag","embeddable":true,"href":"https:\/\/uj.adatbank.ro\/lexikon\/wp-json\/wp\/v2\/product_tag?post=1620"}],"curies":[{"name":"wp","href":"https:\/\/api.w.org\/{rel}","templated":true}]}}